{"id":7320,"date":"2021-10-20T13:26:15","date_gmt":"2021-10-20T12:26:15","guid":{"rendered":"https:\/\/www.adele-schoenheitssalon.at\/imprint\/"},"modified":"2026-03-26T00:15:26","modified_gmt":"2026-03-25T23:15:26","slug":"imprint","status":"publish","type":"page","link":"https:\/\/www.adele-schoenheitssalon.at\/en\/imprint\/","title":{"rendered":"Imprint"},"content":{"rendered":"\t\t<div data-elementor-type=\"wp-page\" data-elementor-id=\"7320\" class=\"elementor elementor-7320 elementor-732\" data-elementor-post-type=\"page\">\n\t\t\t\t\t\t<section class=\"elementor-section elementor-top-section elementor-element elementor-element-153f60d8 elementor-section-boxed elementor-section-height-default elementor-section-height-default\" data-id=\"153f60d8\" data-element_type=\"section\">\n\t\t\t\t\t\t<div class=\"elementor-container elementor-column-gap-default\">\n\t\t\t\t\t<div class=\"elementor-column elementor-col-100 elementor-top-column elementor-element elementor-element-5c72e885\" data-id=\"5c72e885\" data-element_type=\"column\">\n\t\t\t<div class=\"elementor-widget-wrap elementor-element-populated\">\n\t\t\t\t\t\t<div class=\"elementor-element elementor-element-42b1a15a elementor-widget elementor-widget-text-editor\" data-id=\"42b1a15a\" data-element_type=\"widget\" data-widget_type=\"text-editor.default\">\n\t\t\t\t<div class=\"elementor-widget-container\">\n\t\t\t\t\t\t\t<section class=\"elementor-section elementor-top-section elementor-element elementor-element-404f070 elementor-section-boxed elementor-section-height-default elementor-section-height-default\" data-id=\"404f070\" data-element_type=\"section\" data-settings=\"{\">\n<div class=\"elementor-container elementor-column-gap-default\">\n<div class=\"elementor-column elementor-col-100 elementor-top-column elementor-element elementor-element-6e1b883\" data-id=\"6e1b883\" data-element_type=\"column\" data-settings=\"{\">\n<div class=\"elementor-widget-wrap elementor-element-populated\">\n<div class=\"elementor-element elementor-element-a8f7935 elementor-widget elementor-widget-text-editor\" data-id=\"a8f7935\" data-element_type=\"widget\" data-widget_type=\"text-editor.default\">\n<div class=\"elementor-widget-container\">\n<p><strong>Adele beauty salon Luxury &amp; Spa<\/strong><\/p>\n<p><strong>ADELE Sch\u00f6nheitssalon e.U<\/strong><br \/>W\u00e4hringerstra\u00dfe 44<br \/>1090 Vienna<br \/>Austria<\/p>\n<p><strong>Mobile &amp; Whatsapp :<\/strong> <a href=\"tel:+4369910909019\"><span class=\"elementor-icon-list-text\">0699 109 09 019<\/span><\/a><br \/><strong>E-Mail :<\/strong> <a href=\"mailto:info@adele-schoenheitssalon.at\">info@adele-schoenheitssalon.at<\/a><br \/><strong>Web:<\/strong> <a href=\"http:\/\/www.adele-schoenheitssalon.at\">www.adele-schoenheitssalon.at<\/a><\/p>\n<p>The managing director is responsible for the content of the website<br \/>Registered in the commercial register under FN523659m, competent court Commercial Court Vienna<\/p>\n<p><strong>VAT ID:<\/strong> ATU75094924<\/p>\n<p><strong>Company register number:<\/strong> FN523659m<\/p>\n<p>Authority acc. ECG (E-Commerce Act)<br \/>Magistratisches Bezirksamt des IX. Bezirkes<\/p>\n<p><strong>Licenses of the photos used:<\/strong> All images of the products sold, by the manufacturer of the products<br \/>Other photos used on the website:<br \/>Kodlogy Technologies GmbH at the following platforms:<br \/>Envato Elements, Twenty20, Freepik, Themeforest<\/p>\n<p><strong>Implementation of the website &amp; online store, web design and SEO search engine optimization:<\/strong><br \/>Kodlogy Technologies GmbH &#8211; <strong><span style=\"color: #a18405;\"><a style=\"color: #a18405;\" href=\"https:\/\/www.kodlogy.at\" target=\"_blank\" rel=\"noopener\">SEO search engine optimization Vienna<\/a><\/span><\/strong><\/p>\n<p><strong>Disclaimer:<\/strong><br \/>Despite careful control of the content, we assume no liability for the content of external links and photos. The operators of the linked pages and published photos are solely responsible for their content. The domain www.adele-schoenheitssalon.at including all sub-domains refer with links to other pages on the Internet. In these cases, ADELE Sch\u00f6nheitssalon e.U. as the operator of www.adele-schoenheitssalon.at expressly declares that it has no influence whatsoever on the design and content of the linked and uploaded pages and photos. For this reason, www.adele-schoenheitssalon.at ADELE Sch\u00f6nheitssalon e.U expressly dissociates itself from all contents of all linked pages and published photos on the website and does not adopt these contents as its own. This declaration applies to all pages to which links lead.<\/p>\n<\/div>\n<\/div>\n<\/div>\n<\/div>\n<\/div>\n<\/section>\n<div class=\"notranslate\" style=\"all: initial;\"> <\/div>\n\t\t\t\t\t\t<\/div>\n\t\t\t\t<\/div>\n\t\t\t\t\t<\/div>\n\t\t<\/div>\n\t\t\t\t\t<\/div>\n\t\t<\/section>\n\t\t\t\t<\/div>\n\t\t","protected":false},"excerpt":{"rendered":"<p>Adele beauty salon Luxury &amp; Spa ADELE Sch\u00f6nheitssalon e.UW\u00e4hringerstra\u00dfe 441090 ViennaAustria Mobile &amp; Whatsapp : 0699 109 09 019E-Mail : info@adele-schoenheitssalon.atWeb: www.adele-schoenheitssalon.at The managing director is responsible for the content of the websiteRegistered in the commercial register under FN523659m, competent court Commercial Court Vienna VAT ID: ATU75094924 Company register number: FN523659m Authority acc. ECG (E-Commerce&hellip; <a class=\"more-link\" href=\"https:\/\/www.adele-schoenheitssalon.at\/en\/imprint\/\">Continue reading <span class=\"screen-reader-text\">Imprint<\/span><\/a><\/p>\n","protected":false},"author":1,"featured_media":0,"parent":0,"menu_order":0,"comment_status":"closed","ping_status":"closed","template":"","meta":{"footnotes":""},"class_list":["post-7320","page","type-page","status-publish","hentry","entry"],"_links":{"self":[{"href":"https:\/\/www.adele-schoenheitssalon.at\/en\/wp-json\/wp\/v2\/pages\/7320","targetHints":{"allow":["GET"]}}],"collection":[{"href":"https:\/\/www.adele-schoenheitssalon.at\/en\/wp-json\/wp\/v2\/pages"}],"about":[{"href":"https:\/\/www.adele-schoenheitssalon.at\/en\/wp-json\/wp\/v2\/types\/page"}],"author":[{"embeddable":true,"href":"https:\/\/www.adele-schoenheitssalon.at\/en\/wp-json\/wp\/v2\/users\/1"}],"replies":[{"embeddable":true,"href":"https:\/\/www.adele-schoenheitssalon.at\/en\/wp-json\/wp\/v2\/comments?post=7320"}],"version-history":[{"count":2,"href":"https:\/\/www.adele-schoenheitssalon.at\/en\/wp-json\/wp\/v2\/pages\/7320\/revisions"}],"predecessor-version":[{"id":9047,"href":"https:\/\/www.adele-schoenheitssalon.at\/en\/wp-json\/wp\/v2\/pages\/7320\/revisions\/9047"}],"wp:attachment":[{"href":"https:\/\/www.adele-schoenheitssalon.at\/en\/wp-json\/wp\/v2\/media?parent=7320"}],"curies":[{"name":"wp","href":"https:\/\/api.w.org\/{rel}","templated":true}]}}