{"id":7322,"date":"2021-10-20T13:26:15","date_gmt":"2021-10-20T12:26:15","guid":{"rendered":"https:\/\/www.adele-schoenheitssalon.at\/impronta\/"},"modified":"2026-03-26T00:15:03","modified_gmt":"2026-03-25T23:15:03","slug":"impronta","status":"publish","type":"page","link":"https:\/\/www.adele-schoenheitssalon.at\/it\/impronta\/","title":{"rendered":"Impronta"},"content":{"rendered":"\t\t<div data-elementor-type=\"wp-page\" data-elementor-id=\"7322\" class=\"elementor elementor-7322 elementor-732\" data-elementor-post-type=\"page\">\n\t\t\t\t\t\t<section class=\"elementor-section elementor-top-section elementor-element elementor-element-153f60d8 elementor-section-boxed elementor-section-height-default elementor-section-height-default\" data-id=\"153f60d8\" data-element_type=\"section\">\n\t\t\t\t\t\t<div class=\"elementor-container elementor-column-gap-default\">\n\t\t\t\t\t<div class=\"elementor-column elementor-col-100 elementor-top-column elementor-element elementor-element-5c72e885\" data-id=\"5c72e885\" data-element_type=\"column\">\n\t\t\t<div class=\"elementor-widget-wrap elementor-element-populated\">\n\t\t\t\t\t\t<div class=\"elementor-element elementor-element-42b1a15a elementor-widget elementor-widget-text-editor\" data-id=\"42b1a15a\" data-element_type=\"widget\" data-widget_type=\"text-editor.default\">\n\t\t\t\t<div class=\"elementor-widget-container\">\n\t\t\t\t\t\t\t<section class=\"elementor-section elementor-top-section elementor-element elementor-element-404f070 elementor-section-boxed elementor-section-height-default elementor-section-height-default\" data-id=\"404f070\" data-element_type=\"section\" data-settings=\"{\">\n<div class=\"elementor-container elementor-column-gap-default\">\n<div class=\"elementor-column elementor-col-100 elementor-top-column elementor-element elementor-element-6e1b883\" data-id=\"6e1b883\" data-element_type=\"column\" data-settings=\"{\">\n<div class=\"elementor-widget-wrap elementor-element-populated\">\n<div class=\"elementor-element elementor-element-a8f7935 elementor-widget elementor-widget-text-editor\" data-id=\"a8f7935\" data-element_type=\"widget\" data-widget_type=\"text-editor.default\">\n<div class=\"elementor-widget-container\">\n<p><strong>Adele Beauty Salon Luxury &amp; Spa<\/strong><\/p>\n<p><strong>ADELE Sch\u00f6nheitssalon e.U<\/strong><br \/>W\u00e4hringerstra\u00dfe 44<br \/>1090 Vienna<br \/>Austria<\/p>\n<p><strong>Cellulare e Whatsapp :<\/strong> <a href=\"tel:+4369910909019\"><span class=\"elementor-icon-list-text\">0699 109 09 019<\/span><\/a><br \/><strong>E-Mail :<\/strong> <a href=\"mailto:info@adele-schoenheitssalon.at\">info@adele-schoenheitssalon.at<\/a><br \/><strong>Web:<\/strong> <a href=\"http:\/\/www.adele-schoenheitssalon.at\">www.adele-schoenheitssalon.at<\/a><\/p>\n<p>L&#8217;amministratore delegato \u00e8 responsabile dei contenuti del sito web<br \/>Iscritta al registro delle imprese con il numero FN523659m, tribunale competente Tribunale commerciale di Vienna<\/p>\n<p><strong>PARTITA IVA:<\/strong> ATU75094924<\/p>\n<p><strong>Numero di registro dell&#8217;azienda:<\/strong> FN523659m<\/p>\n<p>Autorit\u00e0 acc. ECG (Legge sul commercio elettronico)<br \/>Magistratisches Bezirksamt des IX. Bezirkes<\/p>\n<p><strong>Licenze delle foto utilizzate:<\/strong> Tutte le immagini dei prodotti venduti, dal produttore dei prodotti<br \/>Altre foto utilizzate sul sito web:<br \/>Kodlogy Technologies GmbH sulle seguenti piattaforme:<br \/>Envato Elements, Twenty20, Freepik, Themeforest<\/p>\n<p><strong>Realizzazione di un sito web e di un negozio online, web design e ottimizzazione SEO per i motori di ricerca:<\/strong><br \/>Kodlogy Technologies GmbH &#8211; <strong><span style=\"color: #a18405;\"><a style=\"color: #a18405;\" href=\"https:\/\/www.kodlogy.at\" target=\"_blank\" rel=\"noopener\">Ottimizzazione SEO per i motori di ricerca Vienna<\/a><\/span><\/strong><\/p>\n<p><strong>Disclaimer:<\/strong><br \/>Nonostante l&#8217;attento controllo dei contenuti, non ci assumiamo alcuna responsabilit\u00e0 per il contenuto di link e foto esterne. I gestori delle pagine collegate e delle foto pubblicate sono gli unici responsabili del loro contenuto. Il dominio www.adele-schoenheitssalon.at, compresi tutti i sottodomini, contiene collegamenti ad altre pagine Internet. In questi casi vale quanto segue: ADELE Sch\u00f6nheitssalon e.U., in qualit\u00e0 di gestore di www.adele-schoenheitssalon.at, dichiara espressamente di non avere alcuna influenza sul design e sul contenuto delle pagine e delle foto collegate e caricate. Per questo motivo, www.adele-schoenheitssalon.at ADELE Sch\u00f6nheitssalon e.U. prende espressamente le distanze da tutti i contenuti delle pagine collegate e delle foto pubblicate sul sito web e non li adotta come propri. Questa dichiarazione si applica a tutte le pagine a cui rimandano i link.<\/p>\n<\/div>\n<\/div>\n<\/div>\n<\/div>\n<\/div>\n<\/section>\n<div class=\"notranslate\" style=\"all: initial;\"> <\/div>\n\t\t\t\t\t\t<\/div>\n\t\t\t\t<\/div>\n\t\t\t\t\t<\/div>\n\t\t<\/div>\n\t\t\t\t\t<\/div>\n\t\t<\/section>\n\t\t\t\t<\/div>\n\t\t","protected":false},"excerpt":{"rendered":"<p>Adele Beauty Salon Luxury &amp; Spa ADELE Sch\u00f6nheitssalon e.UW\u00e4hringerstra\u00dfe 441090 ViennaAustria Cellulare e Whatsapp : 0699 109 09 019E-Mail : info@adele-schoenheitssalon.atWeb: www.adele-schoenheitssalon.at L&#8217;amministratore delegato \u00e8 responsabile dei contenuti del sito webIscritta al registro delle imprese con il numero FN523659m, tribunale competente Tribunale commerciale di Vienna PARTITA IVA: ATU75094924 Numero di registro dell&#8217;azienda: FN523659m Autorit\u00e0 acc.&hellip; <a class=\"more-link\" href=\"https:\/\/www.adele-schoenheitssalon.at\/it\/impronta\/\">Continua a leggere <span class=\"screen-reader-text\">Impronta<\/span><\/a><\/p>\n","protected":false},"author":1,"featured_media":0,"parent":0,"menu_order":0,"comment_status":"closed","ping_status":"closed","template":"","meta":{"footnotes":""},"class_list":["post-7322","page","type-page","status-publish","hentry","entry"],"_links":{"self":[{"href":"https:\/\/www.adele-schoenheitssalon.at\/it\/wp-json\/wp\/v2\/pages\/7322","targetHints":{"allow":["GET"]}}],"collection":[{"href":"https:\/\/www.adele-schoenheitssalon.at\/it\/wp-json\/wp\/v2\/pages"}],"about":[{"href":"https:\/\/www.adele-schoenheitssalon.at\/it\/wp-json\/wp\/v2\/types\/page"}],"author":[{"embeddable":true,"href":"https:\/\/www.adele-schoenheitssalon.at\/it\/wp-json\/wp\/v2\/users\/1"}],"replies":[{"embeddable":true,"href":"https:\/\/www.adele-schoenheitssalon.at\/it\/wp-json\/wp\/v2\/comments?post=7322"}],"version-history":[{"count":2,"href":"https:\/\/www.adele-schoenheitssalon.at\/it\/wp-json\/wp\/v2\/pages\/7322\/revisions"}],"predecessor-version":[{"id":9045,"href":"https:\/\/www.adele-schoenheitssalon.at\/it\/wp-json\/wp\/v2\/pages\/7322\/revisions\/9045"}],"wp:attachment":[{"href":"https:\/\/www.adele-schoenheitssalon.at\/it\/wp-json\/wp\/v2\/media?parent=7322"}],"curies":[{"name":"wp","href":"https:\/\/api.w.org\/{rel}","templated":true}]}}