{"id":7885,"date":"2022-04-27T13:24:59","date_gmt":"2022-04-27T12:24:59","guid":{"rendered":"https:\/\/www.adele-schoenheitssalon.at\/pulizia-del-viso-vienna\/"},"modified":"2026-04-10T00:27:16","modified_gmt":"2026-04-09T23:27:16","slug":"pulizia-del-viso-vienna","status":"publish","type":"page","link":"https:\/\/www.adele-schoenheitssalon.at\/it\/pulizia-del-viso-vienna\/","title":{"rendered":"Pulizia del viso Vienna"},"content":{"rendered":"\t\t<div data-elementor-type=\"wp-page\" data-elementor-id=\"7885\" class=\"elementor elementor-7885 elementor-2528\" data-elementor-post-type=\"page\">\n\t\t\t\t\t\t<section class=\"elementor-section elementor-top-section elementor-element elementor-element-a5f3efd elementor-section-full_width elementor-section-height-min-height elementor-section-height-default elementor-section-items-middle\" data-id=\"a5f3efd\" data-element_type=\"section\" data-settings=\"{&quot;background_background&quot;:&quot;classic&quot;}\">\n\t\t\t\t\t\t<div class=\"elementor-container elementor-column-gap-default\">\n\t\t\t\t\t<div class=\"elementor-column elementor-col-100 elementor-top-column elementor-element elementor-element-ce0c5d6\" data-id=\"ce0c5d6\" data-element_type=\"column\" data-settings=\"{&quot;background_background&quot;:&quot;classic&quot;}\">\n\t\t\t<div class=\"elementor-widget-wrap elementor-element-populated\">\n\t\t\t\t\t\t<div class=\"elementor-element elementor-element-2760aa9 elementor-widget elementor-widget-spacer\" data-id=\"2760aa9\" data-element_type=\"widget\" data-widget_type=\"spacer.default\">\n\t\t\t\t<div class=\"elementor-widget-container\">\n\t\t\t\t\t<div class=\"elementor-spacer\">\n\t\t\t<div class=\"elementor-spacer-inner\"><\/div>\n\t\t<\/div>\n\t\t\t\t<\/div>\n\t\t\t\t<\/div>\n\t\t\t\t<div class=\"elementor-element elementor-element-584ad67d elementor-widget elementor-widget-heading\" data-id=\"584ad67d\" data-element_type=\"widget\" data-widget_type=\"heading.default\">\n\t\t\t\t<div class=\"elementor-widget-container\">\n\t\t\t<h1 class=\"elementor-heading-title elementor-size-default\">Pulizia del viso Vienna<\/h1>\t\t<\/div>\n\t\t\t\t<\/div>\n\t\t\t\t<div class=\"elementor-element elementor-element-948d86b elementor-widget elementor-widget-text-editor\" data-id=\"948d86b\" data-element_type=\"widget\" data-widget_type=\"text-editor.default\">\n\t\t\t\t<div class=\"elementor-widget-container\">\n\t\t\t\t\t\t\t<p>Per acne, cicatrici da acne, milia, macchie, segni di pigmentazione e molto altro ancora.<\/p>\n\t\t\t\t\t\t<\/div>\n\t\t\t\t<\/div>\n\t\t\t\t<div class=\"elementor-element elementor-element-997625a elementor-align-right elementor-widget elementor-widget-button\" data-id=\"997625a\" data-element_type=\"widget\" data-widget_type=\"button.default\">\n\t\t\t\t<div class=\"elementor-widget-container\">\n\t\t\t\t\t<div class=\"elementor-button-wrapper\">\n\t\t\t<a class=\"elementor-button elementor-button-link elementor-size-sm\" href=\"https:\/\/www.adele-schoenheitssalon.at\/it\/contatto\/\">\n\t\t\t\t\t\t<span class=\"elementor-button-content-wrapper\">\n\t\t\t\t\t\t\t\t\t<span class=\"elementor-button-text\">Fissare un appuntamento<\/span>\n\t\t\t\t\t<\/span>\n\t\t\t\t\t<\/a>\n\t\t<\/div>\n\t\t\t\t<\/div>\n\t\t\t\t<\/div>\n\t\t\t\t<div class=\"elementor-element elementor-element-c616f06 elementor-widget elementor-widget-spacer\" data-id=\"c616f06\" data-element_type=\"widget\" data-widget_type=\"spacer.default\">\n\t\t\t\t<div class=\"elementor-widget-container\">\n\t\t\t\t\t<div class=\"elementor-spacer\">\n\t\t\t<div class=\"elementor-spacer-inner\"><\/div>\n\t\t<\/div>\n\t\t\t\t<\/div>\n\t\t\t\t<\/div>\n\t\t\t\t\t<\/div>\n\t\t<\/div>\n\t\t\t\t\t<\/div>\n\t\t<\/section>\n\t\t\t\t<section class=\"elementor-section elementor-top-section elementor-element elementor-element-11124351 elementor-section-content-middle elementor-section-boxed elementor-section-height-default elementor-section-height-default\" data-id=\"11124351\" data-element_type=\"section\">\n\t\t\t\t\t\t<div class=\"elementor-container elementor-column-gap-default\">\n\t\t\t\t\t<div class=\"elementor-column elementor-col-50 elementor-top-column elementor-element elementor-element-241cd16a\" data-id=\"241cd16a\" data-element_type=\"column\">\n\t\t\t<div class=\"elementor-widget-wrap elementor-element-populated\">\n\t\t\t\t\t\t<div class=\"elementor-element elementor-element-17a8e504 elementor-widget elementor-widget-heading\" data-id=\"17a8e504\" data-element_type=\"widget\" data-widget_type=\"heading.default\">\n\t\t\t\t<div class=\"elementor-widget-container\">\n\t\t\t<h2 class=\"elementor-heading-title elementor-size-default\">Trattamento dell'acne a Vienna<\/h2>\t\t<\/div>\n\t\t\t\t<\/div>\n\t\t\t\t<div class=\"elementor-element elementor-element-c6a9cea elementor-widget elementor-widget-text-editor\" data-id=\"c6a9cea\" data-element_type=\"widget\" data-widget_type=\"text-editor.default\">\n\t\t\t\t<div class=\"elementor-widget-container\">\n\t\t\t\t\t\t\t<p>Presso il salone di bellezza Adele, le nostre estetiste trattano anche l&#8217;acne e le cicatrici da acne, tra le altre cose. Il nostro <strong>trattamento<\/strong> personalizzato <strong>per l&#8217;acne a Vienna<\/strong> comprende la <strong>pulizia del viso<\/strong> e il <strong>microneedling<\/strong>. Possiamo aiutare la vostra pelle a tornare liscia e chiara.<\/p>\n<p>L&#8217;acne \u00e8 una condizione comune della pelle che le nostre estetiste riscontrano ogni giorno. L&#8217;85% delle persone tra i 15 e i 24 anni soffre di acne. Al <strong>salone di bellezza Adele<\/strong> siamo esperti nel trattamento dell&#8217;acne a Vienna. A seconda delle condizioni della tua pelle e del tuo tipo di pelle, ti consiglieremo il trattamento pi\u00f9 adatto a te.<br \/>Siamo consapevoli che l&#8217;acne \u00e8 spesso una condizione angosciante e pu\u00f2 avere un forte impatto sulla tua autostima e sulle interazioni sociali. Il nostro obiettivo \u00e8 sempre quello di fornirvi i migliori miglioramenti possibili nel modo pi\u00f9 sicuro.<\/p>\n\t\t\t\t\t\t<\/div>\n\t\t\t\t<\/div>\n\t\t\t\t\t<\/div>\n\t\t<\/div>\n\t\t\t\t<div class=\"elementor-column elementor-col-50 elementor-top-column elementor-element elementor-element-7e425e39\" data-id=\"7e425e39\" data-element_type=\"column\" data-settings=\"{&quot;background_background&quot;:&quot;classic&quot;}\">\n\t\t\t<div class=\"elementor-widget-wrap elementor-element-populated\">\n\t\t\t\t\t\t<div class=\"elementor-element elementor-element-21bb0f11 elementor-widget-tablet__width-initial elementor-widget-mobile__width-initial elementor-widget elementor-widget-image\" data-id=\"21bb0f11\" data-element_type=\"widget\" data-settings=\"{&quot;_animation_mobile&quot;:&quot;zoomIn&quot;}\" data-widget_type=\"image.default\">\n\t\t\t\t<div class=\"elementor-widget-container\">\n\t\t\t\t\t\t\t\t\t\t\t\t\t<img fetchpriority=\"high\" decoding=\"async\" width=\"1000\" height=\"668\" src=\"https:\/\/www.adele-schoenheitssalon.at\/wp-content\/uploads\/2022\/04\/Akne-Behandlung-Wien-1.jpg\" class=\"attachment-full size-full wp-image-2662\" alt=\"Akne Behandlung Wien\" srcset=\"https:\/\/www.adele-schoenheitssalon.at\/wp-content\/uploads\/2022\/04\/Akne-Behandlung-Wien-1.jpg 1000w, https:\/\/www.adele-schoenheitssalon.at\/wp-content\/uploads\/2022\/04\/Akne-Behandlung-Wien-1-300x200.jpg 300w, https:\/\/www.adele-schoenheitssalon.at\/wp-content\/uploads\/2022\/04\/Akne-Behandlung-Wien-1-768x513.jpg 768w, https:\/\/www.adele-schoenheitssalon.at\/wp-content\/uploads\/2022\/04\/Akne-Behandlung-Wien-1-600x401.jpg 600w\" sizes=\"(max-width: 1000px) 100vw, 1000px\" style=\"width:100%;height:66.8%;max-width:1000px\" \/>\t\t\t\t\t\t\t\t\t\t\t\t\t<\/div>\n\t\t\t\t<\/div>\n\t\t\t\t\t<\/div>\n\t\t<\/div>\n\t\t\t\t\t<\/div>\n\t\t<\/section>\n\t\t\t\t<section class=\"elementor-section elementor-top-section elementor-element elementor-element-6120d1f elementor-section-boxed elementor-section-height-default elementor-section-height-default\" data-id=\"6120d1f\" data-element_type=\"section\" data-settings=\"{&quot;shape_divider_top&quot;:&quot;tilt&quot;,&quot;shape_divider_bottom&quot;:&quot;tilt&quot;}\">\n\t\t\t\t\t<div class=\"elementor-shape elementor-shape-top\" data-negative=\"false\">\n\t\t\t<svg xmlns=\"http:\/\/www.w3.org\/2000\/svg\" viewBox=\"0 0 1000 100\" preserveAspectRatio=\"none\">\n\t<path class=\"elementor-shape-fill\" d=\"M0,6V0h1000v100L0,6z\"\/>\n<\/svg>\t\t<\/div>\n\t\t\t\t<div class=\"elementor-shape elementor-shape-bottom\" data-negative=\"false\">\n\t\t\t<svg xmlns=\"http:\/\/www.w3.org\/2000\/svg\" viewBox=\"0 0 1000 100\" preserveAspectRatio=\"none\">\n\t<path class=\"elementor-shape-fill\" d=\"M0,6V0h1000v100L0,6z\"\/>\n<\/svg>\t\t<\/div>\n\t\t\t\t\t<div class=\"elementor-container elementor-column-gap-default\">\n\t\t\t\t\t<div class=\"elementor-column elementor-col-100 elementor-top-column elementor-element elementor-element-7f61dd7\" data-id=\"7f61dd7\" data-element_type=\"column\">\n\t\t\t<div class=\"elementor-widget-wrap elementor-element-populated\">\n\t\t\t\t\t\t<div class=\"elementor-element elementor-element-24294be elementor-widget elementor-widget-heading\" data-id=\"24294be\" data-element_type=\"widget\" data-widget_type=\"heading.default\">\n\t\t\t\t<div class=\"elementor-widget-container\">\n\t\t\t<h2 class=\"elementor-heading-title elementor-size-default\">Pulizia del viso Vienna<\/h2>\t\t<\/div>\n\t\t\t\t<\/div>\n\t\t\t\t\t<\/div>\n\t\t<\/div>\n\t\t\t\t\t<\/div>\n\t\t<\/section>\n\t\t\t\t<section class=\"elementor-section elementor-top-section elementor-element elementor-element-2f77fce elementor-section-content-middle elementor-section-boxed elementor-section-height-default elementor-section-height-default\" data-id=\"2f77fce\" data-element_type=\"section\">\n\t\t\t\t\t\t<div class=\"elementor-container elementor-column-gap-default\">\n\t\t\t\t\t<div class=\"elementor-column elementor-col-50 elementor-top-column elementor-element elementor-element-3f82700\" data-id=\"3f82700\" data-element_type=\"column\" data-settings=\"{&quot;background_background&quot;:&quot;classic&quot;}\">\n\t\t\t<div class=\"elementor-widget-wrap elementor-element-populated\">\n\t\t\t\t\t\t<div class=\"elementor-element elementor-element-04dddb6 elementor-widget-tablet__width-initial elementor-widget-mobile__width-initial elementor-widget elementor-widget-image\" data-id=\"04dddb6\" data-element_type=\"widget\" data-settings=\"{&quot;_animation_mobile&quot;:&quot;zoomIn&quot;}\" data-widget_type=\"image.default\">\n\t\t\t\t<div class=\"elementor-widget-container\">\n\t\t\t\t\t\t\t\t\t\t\t\t\t<img decoding=\"async\" width=\"1080\" height=\"1080\" src=\"https:\/\/www.adele-schoenheitssalon.at\/wp-content\/uploads\/2022\/04\/Milien-entfernen-Wien.jpg\" class=\"attachment-full size-full wp-image-2673\" alt=\"Milien entfernen Wien\" srcset=\"https:\/\/www.adele-schoenheitssalon.at\/wp-content\/uploads\/2022\/04\/Milien-entfernen-Wien.jpg 1080w, https:\/\/www.adele-schoenheitssalon.at\/wp-content\/uploads\/2022\/04\/Milien-entfernen-Wien-300x300.jpg 300w, https:\/\/www.adele-schoenheitssalon.at\/wp-content\/uploads\/2022\/04\/Milien-entfernen-Wien-1024x1024.jpg 1024w, https:\/\/www.adele-schoenheitssalon.at\/wp-content\/uploads\/2022\/04\/Milien-entfernen-Wien-150x150.jpg 150w, https:\/\/www.adele-schoenheitssalon.at\/wp-content\/uploads\/2022\/04\/Milien-entfernen-Wien-768x768.jpg 768w, https:\/\/www.adele-schoenheitssalon.at\/wp-content\/uploads\/2022\/04\/Milien-entfernen-Wien-450x450.jpg 450w, https:\/\/www.adele-schoenheitssalon.at\/wp-content\/uploads\/2022\/04\/Milien-entfernen-Wien-600x600.jpg 600w, https:\/\/www.adele-schoenheitssalon.at\/wp-content\/uploads\/2022\/04\/Milien-entfernen-Wien-100x100.jpg 100w\" sizes=\"(max-width: 1080px) 100vw, 1080px\" style=\"width:100%;height:100%;max-width:1080px\" \/>\t\t\t\t\t\t\t\t\t\t\t\t\t<\/div>\n\t\t\t\t<\/div>\n\t\t\t\t\t<\/div>\n\t\t<\/div>\n\t\t\t\t<div class=\"elementor-column elementor-col-50 elementor-top-column elementor-element elementor-element-deb3627\" data-id=\"deb3627\" data-element_type=\"column\">\n\t\t\t<div class=\"elementor-widget-wrap elementor-element-populated\">\n\t\t\t\t\t\t<div class=\"elementor-element elementor-element-3c150ba elementor-widget elementor-widget-heading\" data-id=\"3c150ba\" data-element_type=\"widget\" data-widget_type=\"heading.default\">\n\t\t\t\t<div class=\"elementor-widget-container\">\n\t\t\t<h2 class=\"elementor-heading-title elementor-size-default\">Rimozione Milia Vienna<\/h2>\t\t<\/div>\n\t\t\t\t<\/div>\n\t\t\t\t<div class=\"elementor-element elementor-element-93cb744 elementor-widget elementor-widget-text-editor\" data-id=\"93cb744\" data-element_type=\"widget\" data-widget_type=\"text-editor.default\">\n\t\t\t\t<div class=\"elementor-widget-container\">\n\t\t\t\t\t\t\t<p>Le milia sono piccoli noduli sferici bianchi che compaiono tipicamente sul viso. Chiamati anche grani di semola, compaiono soprattutto su guance, palpebre e angoli degli occhi. Siamo specializzati nella <strong>rimozione di milia a Vienna<\/strong>.<\/p>\n<p>Queste cisti si presentano spesso in gruppi e in questi casi sono chiamate milia. Le cisti si formano quando la cheratina rimane intrappolata sotto la superficie della pelle. La cheratina \u00e8 una potente proteina che si trova tipicamente nel tessuto cutaneo, nei capelli e nelle cellule delle unghie.<\/p>\n<p>Se utilizzi un correttore o un trucco pesante per nascondere le milia, o magari hai provato a rimuovere queste protuberanze bianche da solo a casa, \u00e8 probabile che queste strategie ne facciano comparire altre e peggiorino la condizione.<br \/>La rimozione professionale \u00e8 consigliata perch\u00e9 eviter\u00e0 la comparsa di cicatrici, ti insegner\u00e0 a prevenire la ricomparsa delle milia e ti aiuter\u00e0 a recuperare la fiducia in te stesso.<\/p>\n\t\t\t\t\t\t<\/div>\n\t\t\t\t<\/div>\n\t\t\t\t\t<\/div>\n\t\t<\/div>\n\t\t\t\t\t<\/div>\n\t\t<\/section>\n\t\t\t\t<section class=\"elementor-section elementor-top-section elementor-element elementor-element-6636906 elementor-section-content-middle elementor-section-boxed elementor-section-height-default elementor-section-height-default\" data-id=\"6636906\" data-element_type=\"section\">\n\t\t\t\t\t\t<div class=\"elementor-container elementor-column-gap-default\">\n\t\t\t\t\t<div class=\"elementor-column elementor-col-50 elementor-top-column elementor-element elementor-element-246d850\" data-id=\"246d850\" data-element_type=\"column\">\n\t\t\t<div class=\"elementor-widget-wrap elementor-element-populated\">\n\t\t\t\t\t\t<div class=\"elementor-element elementor-element-b330cc5 elementor-widget elementor-widget-heading\" data-id=\"b330cc5\" data-element_type=\"widget\" data-widget_type=\"heading.default\">\n\t\t\t\t<div class=\"elementor-widget-container\">\n\t\t\t<h2 class=\"elementor-heading-title elementor-size-default\">Rimuovere le macchie di pigmentazione Vienna<\/h2>\t\t<\/div>\n\t\t\t\t<\/div>\n\t\t\t\t<div class=\"elementor-element elementor-element-08d9d9d elementor-widget elementor-widget-text-editor\" data-id=\"08d9d9d\" data-element_type=\"widget\" data-widget_type=\"text-editor.default\">\n\t\t\t\t<div class=\"elementor-widget-container\">\n\t\t\t\t\t\t\t<p>Le macchie pigmentate sono chiazze che di solito compaiono sulle parti del corpo pi\u00f9 esposte, come mani, viso, spalle e collo. Si tratta di una discromia cutanea che di solito si presenta come una macchia o una chiazza marrone ed \u00e8 solitamente causata dalla genetica, dall&#8217;invecchiamento, da danni solari o da cambiamenti ormonali (come la gravidanza). Lo scurimento \u00e8 causato da cellule chiamate melanociti che producono un eccesso di melanina in un&#8217;area specifica.<\/p>\n<p>Esistono molte forme e tipi di pigmentazione, le pi\u00f9 comuni sono le macchie dell&#8217;et\u00e0, le macchie del fegato, le lentiggini e le macchie solari. Con la nuova tecnologia laser, la maggior parte di queste lesioni pigmentate pu\u00f2 essere rimossa in modo sicuro dopo pochi e brevi trattamenti. Utilizzando l&#8217;energia specifica della lunghezza d&#8217;onda del laser, \u00e8 possibile colpire la lesione pigmentata senza danneggiare il tessuto circostante. <strong>Rimozione professionale delle macchie pigmentate Vienna<\/strong>.<\/p>\n\t\t\t\t\t\t<\/div>\n\t\t\t\t<\/div>\n\t\t\t\t\t<\/div>\n\t\t<\/div>\n\t\t\t\t<div class=\"elementor-column elementor-col-50 elementor-top-column elementor-element elementor-element-da5edc2\" data-id=\"da5edc2\" data-element_type=\"column\" data-settings=\"{&quot;background_background&quot;:&quot;classic&quot;}\">\n\t\t\t<div class=\"elementor-widget-wrap elementor-element-populated\">\n\t\t\t\t\t\t<div class=\"elementor-element elementor-element-a5ccd86 elementor-widget-tablet__width-initial elementor-widget-mobile__width-initial elementor-widget elementor-widget-image\" data-id=\"a5ccd86\" data-element_type=\"widget\" data-settings=\"{&quot;_animation_mobile&quot;:&quot;zoomIn&quot;}\" data-widget_type=\"image.default\">\n\t\t\t\t<div class=\"elementor-widget-container\">\n\t\t\t\t\t\t\t\t\t\t\t\t\t<img decoding=\"async\" width=\"1080\" height=\"1080\" src=\"https:\/\/www.adele-schoenheitssalon.at\/wp-content\/uploads\/2022\/04\/Pigmentflecken-entfernen-Wien-1.jpg\" class=\"attachment-full size-full wp-image-2675\" alt=\"Pigmentflecken entfernen Wien\" srcset=\"https:\/\/www.adele-schoenheitssalon.at\/wp-content\/uploads\/2022\/04\/Pigmentflecken-entfernen-Wien-1.jpg 1080w, https:\/\/www.adele-schoenheitssalon.at\/wp-content\/uploads\/2022\/04\/Pigmentflecken-entfernen-Wien-1-300x300.jpg 300w, https:\/\/www.adele-schoenheitssalon.at\/wp-content\/uploads\/2022\/04\/Pigmentflecken-entfernen-Wien-1-1024x1024.jpg 1024w, https:\/\/www.adele-schoenheitssalon.at\/wp-content\/uploads\/2022\/04\/Pigmentflecken-entfernen-Wien-1-150x150.jpg 150w, https:\/\/www.adele-schoenheitssalon.at\/wp-content\/uploads\/2022\/04\/Pigmentflecken-entfernen-Wien-1-768x768.jpg 768w, https:\/\/www.adele-schoenheitssalon.at\/wp-content\/uploads\/2022\/04\/Pigmentflecken-entfernen-Wien-1-450x450.jpg 450w, https:\/\/www.adele-schoenheitssalon.at\/wp-content\/uploads\/2022\/04\/Pigmentflecken-entfernen-Wien-1-600x600.jpg 600w, https:\/\/www.adele-schoenheitssalon.at\/wp-content\/uploads\/2022\/04\/Pigmentflecken-entfernen-Wien-1-100x100.jpg 100w\" sizes=\"(max-width: 1080px) 100vw, 1080px\" style=\"width:100%;height:100%;max-width:1080px\" \/>\t\t\t\t\t\t\t\t\t\t\t\t\t<\/div>\n\t\t\t\t<\/div>\n\t\t\t\t\t<\/div>\n\t\t<\/div>\n\t\t\t\t\t<\/div>\n\t\t<\/section>\n\t\t\t\t<section class=\"elementor-section elementor-top-section elementor-element elementor-element-3ed55cdd elementor-section-full_width elementor-section-height-default elementor-section-height-default\" data-id=\"3ed55cdd\" data-element_type=\"section\" data-settings=\"{&quot;background_background&quot;:&quot;classic&quot;}\">\n\t\t\t\t\t\t\t<div class=\"elementor-background-overlay\"><\/div>\n\t\t\t\t\t\t\t<div class=\"elementor-container elementor-column-gap-default\">\n\t\t\t\t\t<div class=\"elementor-column elementor-col-100 elementor-top-column elementor-element elementor-element-135eee9a\" data-id=\"135eee9a\" data-element_type=\"column\">\n\t\t\t<div class=\"elementor-widget-wrap elementor-element-populated\">\n\t\t\t\t\t\t<div class=\"elementor-element elementor-element-399552e7 elementor-widget elementor-widget-spacer\" data-id=\"399552e7\" data-element_type=\"widget\" data-widget_type=\"spacer.default\">\n\t\t\t\t<div class=\"elementor-widget-container\">\n\t\t\t\t\t<div class=\"elementor-spacer\">\n\t\t\t<div class=\"elementor-spacer-inner\"><\/div>\n\t\t<\/div>\n\t\t\t\t<\/div>\n\t\t\t\t<\/div>\n\t\t\t\t<div class=\"elementor-element elementor-element-f84da0 elementor-widget elementor-widget-heading\" data-id=\"f84da0\" data-element_type=\"widget\" data-widget_type=\"heading.default\">\n\t\t\t\t<div class=\"elementor-widget-container\">\n\t\t\t<h3 class=\"elementor-heading-title elementor-size-default\">Pulizia del viso Vienna<\/h3>\t\t<\/div>\n\t\t\t\t<\/div>\n\t\t\t\t<div class=\"elementor-element elementor-element-65b5f52e elementor-widget elementor-widget-text-editor\" data-id=\"65b5f52e\" data-element_type=\"widget\" data-widget_type=\"text-editor.default\">\n\t\t\t\t<div class=\"elementor-widget-container\">\n\t\t\t\t\t\t\t<p style=\"text-align: center;\">Siete interessati ai nostri trattamenti? Puoi seguirci anche sui social media<\/p>\n\t\t\t\t\t\t<\/div>\n\t\t\t\t<\/div>\n\t\t\t\t<section class=\"elementor-section elementor-inner-section elementor-element elementor-element-6622f9e7 elementor-section-boxed elementor-section-height-default elementor-section-height-default\" data-id=\"6622f9e7\" data-element_type=\"section\">\n\t\t\t\t\t\t<div class=\"elementor-container elementor-column-gap-wider\">\n\t\t\t\t\t<div class=\"elementor-column elementor-col-50 elementor-inner-column elementor-element elementor-element-63e481c0\" data-id=\"63e481c0\" data-element_type=\"column\">\n\t\t\t<div class=\"elementor-widget-wrap elementor-element-populated\">\n\t\t\t\t\t\t<div class=\"elementor-element elementor-element-47b3f3c8 elementor-widget elementor-widget-image\" data-id=\"47b3f3c8\" data-element_type=\"widget\" data-widget_type=\"image.default\">\n\t\t\t\t<div class=\"elementor-widget-container\">\n\t\t\t\t\t\t\t\t\t\t\t\t\t\t<a href=\"https:\/\/www.instagram.com\/adele_luxury_spa\/\" target=\"_blank\" rel=\"noopener\">\n\t\t\t\t\t\t\t<img decoding=\"async\" src=\"https:\/\/www.adele-schoenheitssalon.at\/wp-content\/uploads\/elementor\/thumbs\/Instagram-Logo-q7wajzuc3ejnpd3wvj513w64vzn1l14pxml672bz6m.png\" title=\"Instagram-Logo\" alt=\"Instagram-Logo\" loading=\"lazy\" \/>\t\t\t\t\t\t\t\t<\/a>\n\t\t\t\t\t\t\t\t\t\t\t\t\t<\/div>\n\t\t\t\t<\/div>\n\t\t\t\t\t<\/div>\n\t\t<\/div>\n\t\t\t\t<div class=\"elementor-column elementor-col-50 elementor-inner-column elementor-element elementor-element-18da6004\" data-id=\"18da6004\" data-element_type=\"column\">\n\t\t\t<div class=\"elementor-widget-wrap elementor-element-populated\">\n\t\t\t\t\t\t<div class=\"elementor-element elementor-element-1a6c7f95 elementor-widget elementor-widget-image\" data-id=\"1a6c7f95\" data-element_type=\"widget\" data-widget_type=\"image.default\">\n\t\t\t\t<div class=\"elementor-widget-container\">\n\t\t\t\t\t\t\t\t\t\t\t\t\t\t<a href=\"https:\/\/www.facebook.com\/adeleschonheitssalon\" target=\"_blank\" rel=\"noopener\">\n\t\t\t\t\t\t\t<img decoding=\"async\" src=\"https:\/\/www.adele-schoenheitssalon.at\/wp-content\/uploads\/elementor\/thumbs\/Facebook-Logo-q7wajzuc3ejnpd3wvj513w64vzn1l14pxml672bz6w.png\" title=\"Facebook-Logo\" alt=\"Facebook-Logo\" loading=\"lazy\" \/>\t\t\t\t\t\t\t\t<\/a>\n\t\t\t\t\t\t\t\t\t\t\t\t\t<\/div>\n\t\t\t\t<\/div>\n\t\t\t\t\t<\/div>\n\t\t<\/div>\n\t\t\t\t\t<\/div>\n\t\t<\/section>\n\t\t\t\t<div class=\"elementor-element elementor-element-3d19616 elementor-widget elementor-widget-spacer\" data-id=\"3d19616\" data-element_type=\"widget\" data-widget_type=\"spacer.default\">\n\t\t\t\t<div class=\"elementor-widget-container\">\n\t\t\t\t\t<div class=\"elementor-spacer\">\n\t\t\t<div class=\"elementor-spacer-inner\"><\/div>\n\t\t<\/div>\n\t\t\t\t<\/div>\n\t\t\t\t<\/div>\n\t\t\t\t\t<\/div>\n\t\t<\/div>\n\t\t\t\t\t<\/div>\n\t\t<\/section>\n\t\t\t\t<\/div>\n\t\t","protected":false},"excerpt":{"rendered":"<p>Pulizia del viso Vienna Per acne, cicatrici da acne, milia, macchie, segni di pigmentazione e molto altro ancora. Fissare un appuntamento Trattamento dell&#8217;acne a Vienna Presso il salone di bellezza Adele, le nostre estetiste trattano anche l&#8217;acne e le cicatrici da acne, tra le altre cose. Il nostro trattamento personalizzato per l&#8217;acne a Vienna comprende&hellip; <a class=\"more-link\" href=\"https:\/\/www.adele-schoenheitssalon.at\/it\/pulizia-del-viso-vienna\/\">Continua a leggere <span class=\"screen-reader-text\">Pulizia del viso Vienna<\/span><\/a><\/p>\n","protected":false},"author":1,"featured_media":6544,"parent":0,"menu_order":0,"comment_status":"closed","ping_status":"closed","template":"elementor_header_footer","meta":{"footnotes":""},"class_list":["post-7885","page","type-page","status-publish","has-post-thumbnail","hentry","entry"],"_links":{"self":[{"href":"https:\/\/www.adele-schoenheitssalon.at\/it\/wp-json\/wp\/v2\/pages\/7885","targetHints":{"allow":["GET"]}}],"collection":[{"href":"https:\/\/www.adele-schoenheitssalon.at\/it\/wp-json\/wp\/v2\/pages"}],"about":[{"href":"https:\/\/www.adele-schoenheitssalon.at\/it\/wp-json\/wp\/v2\/types\/page"}],"author":[{"embeddable":true,"href":"https:\/\/www.adele-schoenheitssalon.at\/it\/wp-json\/wp\/v2\/users\/1"}],"replies":[{"embeddable":true,"href":"https:\/\/www.adele-schoenheitssalon.at\/it\/wp-json\/wp\/v2\/comments?post=7885"}],"version-history":[{"count":2,"href":"https:\/\/www.adele-schoenheitssalon.at\/it\/wp-json\/wp\/v2\/pages\/7885\/revisions"}],"predecessor-version":[{"id":9416,"href":"https:\/\/www.adele-schoenheitssalon.at\/it\/wp-json\/wp\/v2\/pages\/7885\/revisions\/9416"}],"wp:featuredmedia":[{"embeddable":true,"href":"https:\/\/www.adele-schoenheitssalon.at\/it\/wp-json\/wp\/v2\/media\/6544"}],"wp:attachment":[{"href":"https:\/\/www.adele-schoenheitssalon.at\/it\/wp-json\/wp\/v2\/media?parent=7885"}],"curies":[{"name":"wp","href":"https:\/\/api.w.org\/{rel}","templated":true}]}}