{"id":7324,"date":"2021-10-20T13:26:15","date_gmt":"2021-10-20T12:26:15","guid":{"rendered":"https:\/\/www.adele-schoenheitssalon.at\/otisak\/"},"modified":"2026-03-26T00:14:05","modified_gmt":"2026-03-25T23:14:05","slug":"otisak","status":"publish","type":"page","link":"https:\/\/www.adele-schoenheitssalon.at\/sr\/otisak\/","title":{"rendered":"\u043e\u0442\u0438\u0441\u0430\u043a"},"content":{"rendered":"\t\t<div data-elementor-type=\"wp-page\" data-elementor-id=\"7324\" class=\"elementor elementor-7324 elementor-732\" data-elementor-post-type=\"page\">\n\t\t\t\t\t\t<section class=\"elementor-section elementor-top-section elementor-element elementor-element-153f60d8 elementor-section-boxed elementor-section-height-default elementor-section-height-default\" data-id=\"153f60d8\" data-element_type=\"section\">\n\t\t\t\t\t\t<div class=\"elementor-container elementor-column-gap-default\">\n\t\t\t\t\t<div class=\"elementor-column elementor-col-100 elementor-top-column elementor-element elementor-element-5c72e885\" data-id=\"5c72e885\" data-element_type=\"column\">\n\t\t\t<div class=\"elementor-widget-wrap elementor-element-populated\">\n\t\t\t\t\t\t<div class=\"elementor-element elementor-element-42b1a15a elementor-widget elementor-widget-text-editor\" data-id=\"42b1a15a\" data-element_type=\"widget\" data-widget_type=\"text-editor.default\">\n\t\t\t\t<div class=\"elementor-widget-container\">\n\t\t\t\t\t\t\t<section class=\"elementor-section elementor-top-section elementor-element elementor-element-404f070 elementor-section-boxed elementor-section-height-default elementor-section-height-default\" data-id=\"404f070\" data-element_type=\"section\" data-settings=\"{\">\n<div class=\"elementor-container elementor-column-gap-default\">\n<div class=\"elementor-column elementor-col-100 elementor-top-column elementor-element elementor-element-6e1b883\" data-id=\"6e1b883\" data-element_type=\"column\" data-settings=\"{\">\n<div class=\"elementor-widget-wrap elementor-element-populated\">\n<div class=\"elementor-element elementor-element-a8f7935 elementor-widget elementor-widget-text-editor\" data-id=\"a8f7935\" data-element_type=\"widget\" data-widget_type=\"text-editor.default\">\n<div class=\"elementor-widget-container\">\n<p><strong>Adele Salon lepote Luksuz &amp; Spa<\/strong><\/p>\n<p><strong>Kozmeti\u010dki salon ADELE e.U<\/strong><br \/>W\u00e4hringerstra\u00dfe 44<br \/>1090 Be\u010d<br \/>Austrija<\/p>\n<p><strong>Mobilni telefon i VhatsApp :<\/strong> <a href=\"tel:+4369910909019\"><span class=\"elementor-icon-list-text\">0699 109 09 019<\/span><\/a><br \/><strong>E-mail:<\/strong> <a href=\"mailto:info@adele-schoenheitssalon.at\">info@adele-schoenheitssalon.at<\/a><br \/><strong>Veb:<\/strong> <a href=\"http:\/\/www.adele-schoenheitssalon.at\">www.adele-schoenheitssalon.at<\/a><\/p>\n<p>Generalni direktor je odgovoran za sadr\u017eaj veb stranice<br \/>Upisan u privredni registar za FN523659m, nadle\u017eni sud Privredni sud Be\u010d<\/p>\n<p>\u041f\u0414\u0412 <strong>\u0418\u0414:<\/strong> \u0410\u0422\u042375094924<\/p>\n<p>\u041c\u0430\u0442\u0438\u0447\u043d\u0438 <strong>\u0431\u0440\u043e\u0458 \u043f\u0440\u0435\u0434\u0443\u0437\u0435\u045b\u0430:<\/strong> \u0424\u041d523659\u043c<\/p>\n<p>\u0430\u0443\u0442\u043e\u0440\u0438\u0442\u0435\u0442 \u0430\u0446\u0446. EKG (Zakon o elektronskoj trgovini)<br \/>Op\u0161tinski okrug IX Distrikta<\/p>\n<p><strong>Licence za kori\u0161\u0107ene fotografije:<\/strong> Sve slike prodatih proizvoda od strane proizvo\u0111a\u010da proizvoda<br \/>Ostale fotografije kori\u0161\u0107ene na sajtu:<br \/>Kodlogi Technologies GmbH na slede\u0107im platformama:<br \/>Envato Elements, TwentyKSNUMKS, Freepik, Themeforest<\/p>\n<p><strong>Implementacija sajta i online prodavnice, veb dizajn i SEO optimizacija za pretra\u017eiva\u010de:<\/strong><br \/>Kodlogy Technologies GmbH \u2013 <strong><span style=\"color: #a18405;\"><a style=\"color: #a18405;\" href=\"https:\/\/www.kodlogy.at\" target=\"_blank\" rel=\"noopener\">SEO Search Engine Optimization Be\u010d<\/a><\/span><\/strong><\/p>\n<p><strong>Odricanje od odgovornosti:<\/strong><br \/>Uprkos pa\u017eljivoj kontroli sadr\u017eaja, ne preuzimamo nikakvu odgovornost za sadr\u017eaj spoljnih linkova i fotografija. \u041e\u043f\u0435\u0440\u0430\u0442\u0435\u0440\u0438 \u043f\u043e\u0432\u0435\u0437\u0430\u043d\u0438\u0445 \u0441\u0442\u0440\u0430\u043d\u0438\u0446\u0430 \u0438 \u043e\u0431\u0458\u0430\u0432\u0459\u0435\u043d\u0438\u0445 \u0444\u043e\u0442\u043e\u0433\u0440\u0430\u0444\u0438\u0458\u0430 \u0441\u0443 \u0438\u0441\u043a\u0459\u0443\u0447\u0438\u0432\u043e \u043e\u0434\u0433\u043e\u0432\u043e\u0440\u043d\u0438 \u0437\u0430 \u045a\u0438\u0445\u043e\u0432 \u0441\u0430\u0434\u0440\u0436\u0430\u0458. \u0414\u043e\u043c\u0435\u043d \u0432\u0432\u0432.\u0430\u0434\u0435\u043b\u0435-\u0441\u0446\u0445\u043e\u0435\u043d\u0445\u0435\u0438\u0442\u0441\u0441\u0430\u043b\u043e\u043d.\u0430\u0442 \u0443\u043a\u0459\u0443\u0447\u0443\u0458\u0443\u045b\u0438 \u0441\u0432\u0435 \u043f\u043e\u0434\u0434\u043e\u043c\u0435\u043d\u0435 \u043e\u0434\u043d\u043e\u0441\u0435 \u0441\u0435 \u043d\u0430 \u0432\u0435\u0437\u0435 \u043a\u0430 \u0434\u0440\u0443\u0433\u0438\u043c \u0441\u0430\u0458\u0442\u043e\u0432\u0438\u043c\u0430 \u043d\u0430 \u0438\u043d\u0442\u0435\u0440\u043d\u0435\u0442\u0443. \u0417\u0430 \u043e\u0432\u0435 \u0441\u043b\u0443\u0447\u0430\u0458\u0435\u0432\u0435 \u0432\u0430\u0436\u0438 \u0441\u043b\u0435\u0434\u0435\u045b\u0435: \u0421\u0430\u043b\u043e\u043d \u043b\u0435\u043f\u043e\u0442\u0435 \u0410\u0414\u0415\u041b\u0415 \u0435\u0423 \u043a\u0430\u043e \u043e\u043f\u0435\u0440\u0430\u0442\u0435\u0440 \u0432\u0432\u0432.\u0430\u0434\u0435\u043b\u0435-\u0441\u0446\u0445\u043e\u0435\u043d\u0445\u0435\u0438\u0442\u0441\u0441\u0430\u043b\u043e\u043d.\u0430\u0442 \u0438\u0437\u0440\u0438\u0447\u0438\u0442\u043e \u0438\u0437\u0458\u0430\u0432\u0459\u0443\u0458\u0435 \u0434\u0430 \u043d\u0435\u043c\u0430 \u043d\u0438\u043a\u0430\u043a\u0432\u043e\u0433 \u0443\u0442\u0438\u0446\u0430\u0458\u0430 \u043d\u0430 \u0434\u0438\u0437\u0430\u0458\u043d \u0438 \u0441\u0430\u0434\u0440\u0436\u0430\u0458 \u043f\u043e\u0432\u0435\u0437\u0430\u043d\u0438\u0445 \u0438 \u0443\u0432\u0435\u0437\u0435\u043d\u0438\u0445 \u0441\u0442\u0440\u0430\u043d\u0438\u0446\u0430 \u0438 \u0444\u043e\u0442\u043e\u0433\u0440\u0430\u0444\u0438\u0458\u0430. \u0418\u0437 \u0442\u043e\u0433 \u0440\u0430\u0437\u043b\u043e\u0433\u0430, \u0432\u0432\u0432.\u0430\u0434\u0435\u043b\u0435-\u0441\u0446\u0445\u043e\u0435\u043d\u0445\u0435\u0438\u0442\u0441\u0441\u0430\u043b\u043e\u043d.\u0430\u0442 \u0410\u0414\u0415\u041b\u0415 \u0411\u0435\u0430\u0443\u0442\u0438 \u0421\u0430\u043b\u043e\u043d \u0435\u0423 \u0441\u0435 \u0438\u0437\u0440\u0438\u0447\u0438\u0442\u043e \u043e\u0433\u0440\u0430\u0452\u0443\u0458\u0435 \u043e\u0434 \u0441\u0432\u0438\u0445 \u0441\u0430\u0434\u0440\u0436\u0430\u0458\u0430 \u043d\u0430 \u0441\u0432\u0438\u043c \u043f\u043e\u0432\u0435\u0437\u0430\u043d\u0438\u043c \u0441\u0442\u0440\u0430\u043d\u0438\u0446\u0430\u043c\u0430 \u0438 \u043e\u0431\u0458\u0430\u0432\u0459\u0435\u043d\u0438\u043c \u0444\u043e\u0442\u043e\u0433\u0440\u0430\u0444\u0438\u0458\u0430\u043c\u0430 \u043d\u0430 \u0432\u0435\u0431 \u0441\u0442\u0440\u0430\u043d\u0438\u0446\u0438 \u0438 \u043d\u0435 \u0443\u0441\u0432\u0430\u0458\u0430 \u043e\u0432\u0430\u0458 \u0441\u0430\u0434\u0440\u0436\u0430\u0458 \u043a\u0430\u043e \u0441\u0432\u043e\u0458. \u041e\u0432\u0430 \u0438\u0437\u0458\u0430\u0432\u0430 \u0441\u0435 \u043e\u0434\u043d\u043e\u0441\u0438 \u043d\u0430 \u0441\u0432\u0435 \u0441\u0442\u0440\u0430\u043d\u0438\u0446\u0435 \u0434\u043e \u043a\u043e\u0458\u0438\u0445 \u0432\u043e\u0434\u0435 \u0432\u0435\u0437\u0435.<\/p>\n<\/div>\n<\/div>\n<\/div>\n<\/div>\n<\/div>\n<\/section>\n<div class=\"notranslate\" style=\"all: initial;\"> <\/div>\n\t\t\t\t\t\t<\/div>\n\t\t\t\t<\/div>\n\t\t\t\t\t<\/div>\n\t\t<\/div>\n\t\t\t\t\t<\/div>\n\t\t<\/section>\n\t\t\t\t<\/div>\n\t\t","protected":false},"excerpt":{"rendered":"<p>Adele Salon lepote Luksuz &amp; Spa Kozmeti\u010dki salon ADELE e.UW\u00e4hringerstra\u00dfe 441090 Be\u010dAustrija Mobilni telefon i VhatsApp : 0699 109 09 019E-mail: info@adele-schoenheitssalon.atVeb: www.adele-schoenheitssalon.at Generalni direktor je odgovoran za sadr\u017eaj veb straniceUpisan u privredni registar za FN523659m, nadle\u017eni sud Privredni sud Be\u010d \u041f\u0414\u0412 \u0418\u0414: \u0410\u0422\u042375094924 \u041c\u0430\u0442\u0438\u0447\u043d\u0438 \u0431\u0440\u043e\u0458 \u043f\u0440\u0435\u0434\u0443\u0437\u0435\u045b\u0430: \u0424\u041d523659\u043c \u0430\u0443\u0442\u043e\u0440\u0438\u0442\u0435\u0442 \u0430\u0446\u0446. EKG (Zakon o elektronskoj trgovini)Op\u0161tinski&hellip; <a class=\"more-link\" href=\"https:\/\/www.adele-schoenheitssalon.at\/sr\/otisak\/\">\u041d\u0430\u0441\u0442\u0430\u0432\u0438 \u0441\u0430 \u0447\u0438\u0442\u0430\u045a\u0435\u043c <span class=\"screen-reader-text\">\u043e\u0442\u0438\u0441\u0430\u043a<\/span><\/a><\/p>\n","protected":false},"author":1,"featured_media":0,"parent":0,"menu_order":0,"comment_status":"closed","ping_status":"closed","template":"","meta":{"footnotes":""},"class_list":["post-7324","page","type-page","status-publish","hentry","entry"],"_links":{"self":[{"href":"https:\/\/www.adele-schoenheitssalon.at\/sr\/wp-json\/wp\/v2\/pages\/7324","targetHints":{"allow":["GET"]}}],"collection":[{"href":"https:\/\/www.adele-schoenheitssalon.at\/sr\/wp-json\/wp\/v2\/pages"}],"about":[{"href":"https:\/\/www.adele-schoenheitssalon.at\/sr\/wp-json\/wp\/v2\/types\/page"}],"author":[{"embeddable":true,"href":"https:\/\/www.adele-schoenheitssalon.at\/sr\/wp-json\/wp\/v2\/users\/1"}],"replies":[{"embeddable":true,"href":"https:\/\/www.adele-schoenheitssalon.at\/sr\/wp-json\/wp\/v2\/comments?post=7324"}],"version-history":[{"count":4,"href":"https:\/\/www.adele-schoenheitssalon.at\/sr\/wp-json\/wp\/v2\/pages\/7324\/revisions"}],"predecessor-version":[{"id":9043,"href":"https:\/\/www.adele-schoenheitssalon.at\/sr\/wp-json\/wp\/v2\/pages\/7324\/revisions\/9043"}],"wp:attachment":[{"href":"https:\/\/www.adele-schoenheitssalon.at\/sr\/wp-json\/wp\/v2\/media?parent=7324"}],"curies":[{"name":"wp","href":"https:\/\/api.w.org\/{rel}","templated":true}]}}