{"id":3752,"date":"2021-10-08T22:52:33","date_gmt":"2021-10-08T21:52:33","guid":{"rendered":"https:\/\/www.adele-schoenheitssalon.at\/goez-kapagi-kaldirma-viyana\/"},"modified":"2026-04-10T00:20:33","modified_gmt":"2026-04-09T23:20:33","slug":"goez-kapagi-kaldirma-viyana","status":"publish","type":"page","link":"https:\/\/www.adele-schoenheitssalon.at\/tr\/goez-kapagi-kaldirma-viyana\/","title":{"rendered":"G\u00f6z kapa\u011f\u0131 kald\u0131rma Viyana"},"content":{"rendered":"\t\t<div data-elementor-type=\"wp-page\" data-elementor-id=\"3752\" class=\"elementor elementor-3752 elementor-463\" data-elementor-post-type=\"page\">\n\t\t\t\t\t\t<section class=\"elementor-section elementor-top-section elementor-element elementor-element-00df873 elementor-section-full_width elementor-section-height-min-height elementor-section-items-bottom elementor-section-height-default\" data-id=\"00df873\" data-element_type=\"section\" data-settings=\"{&quot;background_background&quot;:&quot;classic&quot;}\">\n\t\t\t\t\t\t<div class=\"elementor-container elementor-column-gap-default\">\n\t\t\t\t\t<div class=\"elementor-column elementor-col-100 elementor-top-column elementor-element elementor-element-a092082\" data-id=\"a092082\" data-element_type=\"column\">\n\t\t\t<div class=\"elementor-widget-wrap elementor-element-populated\">\n\t\t\t\t\t\t<div class=\"elementor-element elementor-element-7cdb60d elementor-widget elementor-widget-heading\" data-id=\"7cdb60d\" data-element_type=\"widget\" data-widget_type=\"heading.default\">\n\t\t\t\t<div class=\"elementor-widget-container\">\n\t\t\t<h1 class=\"elementor-heading-title elementor-size-default\">G\u00f6z kapa\u011f\u0131 kald\u0131rma Viyana<\/h1>\t\t<\/div>\n\t\t\t\t<\/div>\n\t\t\t\t<div class=\"elementor-element elementor-element-5c78c8d elementor-widget elementor-widget-button\" data-id=\"5c78c8d\" data-element_type=\"widget\" data-widget_type=\"button.default\">\n\t\t\t\t<div class=\"elementor-widget-container\">\n\t\t\t\t\t<div class=\"elementor-button-wrapper\">\n\t\t\t<a class=\"elementor-button elementor-button-link elementor-size-sm\" href=\"https:\/\/www.adele-schoenheitssalon.at\/tr\/rezervasyon\/\">\n\t\t\t\t\t\t<span class=\"elementor-button-content-wrapper\">\n\t\t\t\t\t\t\t\t\t<span class=\"elementor-button-text\">Randevu ayarlay\u0131n<\/span>\n\t\t\t\t\t<\/span>\n\t\t\t\t\t<\/a>\n\t\t<\/div>\n\t\t\t\t<\/div>\n\t\t\t\t<\/div>\n\t\t\t\t\t<\/div>\n\t\t<\/div>\n\t\t\t\t\t<\/div>\n\t\t<\/section>\n\t\t\t\t<section class=\"elementor-section elementor-top-section elementor-element elementor-element-4e61ad23 elementor-section-height-min-height elementor-section-boxed elementor-section-height-default elementor-section-items-middle\" data-id=\"4e61ad23\" data-element_type=\"section\" data-settings=\"{&quot;background_background&quot;:&quot;classic&quot;}\">\n\t\t\t\t\t\t<div class=\"elementor-container elementor-column-gap-default\">\n\t\t\t\t\t<div class=\"elementor-column elementor-col-100 elementor-top-column elementor-element elementor-element-199c78ae\" data-id=\"199c78ae\" data-element_type=\"column\">\n\t\t\t<div class=\"elementor-widget-wrap elementor-element-populated\">\n\t\t\t\t\t\t<div class=\"elementor-element elementor-element-3a71db63 elementor-widget elementor-widget-heading\" data-id=\"3a71db63\" data-element_type=\"widget\" data-widget_type=\"heading.default\">\n\t\t\t\t<div class=\"elementor-widget-container\">\n\t\t\t<h5 class=\"elementor-heading-title elementor-size-default\">ADELE G\u00fczellik Salonu<\/h5>\t\t<\/div>\n\t\t\t\t<\/div>\n\t\t\t\t<div class=\"elementor-element elementor-element-65cfb2e9 elementor-widget elementor-widget-heading\" data-id=\"65cfb2e9\" data-element_type=\"widget\" data-widget_type=\"heading.default\">\n\t\t\t\t<div class=\"elementor-widget-container\">\n\t\t\t<h2 class=\"elementor-heading-title elementor-size-default\">Ameliyats\u0131z g\u00f6z kapa\u011f\u0131 kald\u0131rma<\/h2>\t\t<\/div>\n\t\t\t\t<\/div>\n\t\t\t\t<div class=\"elementor-element elementor-element-13998232 elementor-widget elementor-widget-text-editor\" data-id=\"13998232\" data-element_type=\"widget\" data-widget_type=\"text-editor.default\">\n\t\t\t\t<div class=\"elementor-widget-container\">\n\t\t\t\t\t\t\t<p>G\u00fcne\u015f hasar\u0131, kirlilik, dikkatsiz s\u00fcrt\u00fcnme, zahmetli makyaj temizleme ve ya\u015flanma. T\u00fcm bunlar, g\u00f6z \u00e7evresindeki cildin ilk &#8220;bozulan&#8221; cilt olmas\u0131na yol a\u00e7ar.<\/p>\n<p>Blefaroplasti olarak da bilinen g\u00f6z kapa\u011f\u0131 kald\u0131rma ameliyat\u0131n\u0131n aksine, plazma g\u00f6z kapa\u011f\u0131 kald\u0131rma en son cerrahi olmayan prosed\u00fcrd\u00fcr. G\u00f6z kapa\u011f\u0131 cildini s\u0131k\u0131la\u015ft\u0131rmaya ve g\u00f6z ya\u015flanmas\u0131n\u0131n etkilerini en aza indirmeye yard\u0131mc\u0131 olur. En iyi k\u0131sm\u0131 m\u0131? Kesim gerektirmez ve minimum kesinti s\u00fcresi gerektirir.<\/p>\n\t\t\t\t\t\t<\/div>\n\t\t\t\t<\/div>\n\t\t\t\t\t<\/div>\n\t\t<\/div>\n\t\t\t\t\t<\/div>\n\t\t<\/section>\n\t\t\t\t<section class=\"elementor-section elementor-top-section elementor-element elementor-element-592a2ba8 elementor-section-full_width elementor-section-height-default elementor-section-height-default\" data-id=\"592a2ba8\" data-element_type=\"section\" data-settings=\"{&quot;background_background&quot;:&quot;classic&quot;}\">\n\t\t\t\t\t\t<div class=\"elementor-container elementor-column-gap-default\">\n\t\t\t\t\t<div class=\"elementor-column elementor-col-50 elementor-top-column elementor-element elementor-element-5281f560\" data-id=\"5281f560\" data-element_type=\"column\" data-settings=\"{&quot;background_background&quot;:&quot;classic&quot;}\">\n\t\t\t<div class=\"elementor-widget-wrap elementor-element-populated\">\n\t\t\t\t\t\t<div class=\"elementor-element elementor-element-708ecac1 elementor-widget elementor-widget-spacer\" data-id=\"708ecac1\" data-element_type=\"widget\" data-widget_type=\"spacer.default\">\n\t\t\t\t<div class=\"elementor-widget-container\">\n\t\t\t\t\t<div class=\"elementor-spacer\">\n\t\t\t<div class=\"elementor-spacer-inner\"><\/div>\n\t\t<\/div>\n\t\t\t\t<\/div>\n\t\t\t\t<\/div>\n\t\t\t\t\t<\/div>\n\t\t<\/div>\n\t\t\t\t<div class=\"elementor-column elementor-col-50 elementor-top-column elementor-element elementor-element-cf09a6b\" data-id=\"cf09a6b\" data-element_type=\"column\" data-settings=\"{&quot;background_background&quot;:&quot;classic&quot;}\">\n\t\t\t<div class=\"elementor-widget-wrap elementor-element-populated\">\n\t\t\t\t\t\t<div class=\"elementor-element elementor-element-5073a288 elementor-widget elementor-widget-heading\" data-id=\"5073a288\" data-element_type=\"widget\" data-widget_type=\"heading.default\">\n\t\t\t\t<div class=\"elementor-widget-container\">\n\t\t\t<h4 class=\"elementor-heading-title elementor-size-default\">Plazma g\u00f6z kapa\u011f\u0131 kald\u0131rma nedir?  <\/h4>\t\t<\/div>\n\t\t\t\t<\/div>\n\t\t\t\t<div class=\"elementor-element elementor-element-2fb02a53 elementor-widget elementor-widget-text-editor\" data-id=\"2fb02a53\" data-element_type=\"widget\" data-widget_type=\"text-editor.default\">\n\t\t\t\t<div class=\"elementor-widget-container\">\n\t\t\t\t\t\t\t<p>Plazma ile g\u00f6z kapa\u011f\u0131 <strong>germe<\/strong>, \u00fcst g\u00f6z kapa\u011f\u0131ndaki cildi ameliyats\u0131z olarak s\u0131k\u0131la\u015ft\u0131rmak, kald\u0131rmak ve gen\u00e7le\u015ftirmek i\u00e7in yap\u0131lan bir i\u015flemdir. Ve sadece bilginiz olsun diye s\u00f6yl\u00fcyorum &#8211; kandaki plazma gibi g\u00f6r\u00fcnse de, asl\u0131nda y\u00fcksek enerjili bir ak\u0131m olarak plazmad\u0131r. Maddenin d\u00f6rd\u00fcnc\u00fc hali olan plazma, b\u00fcy\u00fck ve s\u00fcrekli bir elektrik ak\u0131m\u0131 iletebilen iyonize bir gazd\u0131r. G\u00fcne\u015f, ate\u015f ve \u015fim\u015fek plazma \u00f6rnekleridir.<\/p>\n<p>Cilde dokunmadan, elde tutulan bir cihaz (k\u00fc\u00e7\u00fck bir kaleme benzeyen) cildi s\u0131k\u0131la\u015ft\u0131rmak ve kolajen \u00fcretimini te\u015fvik etmek i\u00e7in g\u00f6z kapa\u011f\u0131n\u0131n y\u00fczeyinde hareket ettirilir. Kalem, havadaki gazlar\u0131 iyonize ederek \u015fim\u015fek \u00e7akmas\u0131na benzer k\u00fc\u00e7\u00fck bir elektrik ark\u0131 olu\u015fturuyor ve bu elektrik ark\u0131 sorunlu b\u00f6lgeleri \u00e7evreye zarar vermeden canland\u0131rmak i\u00e7in kullan\u0131labiliyor. Plazma Kalemi cilt y\u00fczeyine iyonize, d\u00fc\u015f\u00fck frekansl\u0131 bir plazma ark\u0131 yans\u0131t\u0131r, temas noktas\u0131nda cildi buharla\u015ft\u0131r\u0131r ve cilt liflerinde an\u0131nda kas\u0131lma ve s\u0131k\u0131la\u015fmaya neden olur.<\/p>\n<p>\u00d6zetle, cihaz esasen hedeflenen b\u00f6lgedeki (g\u00f6z kapaklar\u0131n\u0131z) dermisi \u0131s\u0131t\u0131r, bu da tedaviden sonra d\u00fc\u015ferek cildi s\u0131k\u0131la\u015ft\u0131r\u0131r ve daha taze bir cilt olu\u015fturur.<\/p>\n\t\t\t\t\t\t<\/div>\n\t\t\t\t<\/div>\n\t\t\t\t\t<\/div>\n\t\t<\/div>\n\t\t\t\t\t<\/div>\n\t\t<\/section>\n\t\t\t\t<section class=\"elementor-section elementor-top-section elementor-element elementor-element-fe5b8d6 elementor-section-full_width elementor-section-height-default elementor-section-height-default\" data-id=\"fe5b8d6\" data-element_type=\"section\" data-settings=\"{&quot;background_background&quot;:&quot;classic&quot;}\">\n\t\t\t\t\t\t<div class=\"elementor-container elementor-column-gap-default\">\n\t\t\t\t\t<div class=\"elementor-column elementor-col-50 elementor-top-column elementor-element elementor-element-0a80697\" data-id=\"0a80697\" data-element_type=\"column\" data-settings=\"{&quot;background_background&quot;:&quot;classic&quot;}\">\n\t\t\t<div class=\"elementor-widget-wrap elementor-element-populated\">\n\t\t\t\t\t\t<div class=\"elementor-element elementor-element-aec2bf4 elementor-widget elementor-widget-heading\" data-id=\"aec2bf4\" data-element_type=\"widget\" data-widget_type=\"heading.default\">\n\t\t\t\t<div class=\"elementor-widget-container\">\n\t\t\t<h2 class=\"elementor-heading-title elementor-size-default\">Plazma Pen ile g\u00f6z kapa\u011f\u0131 kald\u0131rman\u0131n avantajlar\u0131 nelerdir?<\/h2>\t\t<\/div>\n\t\t\t\t<\/div>\n\t\t\t\t<div class=\"elementor-element elementor-element-ab68ea7 elementor-widget elementor-widget-text-editor\" data-id=\"ab68ea7\" data-element_type=\"widget\" data-widget_type=\"text-editor.default\">\n\t\t\t\t<div class=\"elementor-widget-container\">\n\t\t\t\t\t\t\t<p>Tedavi olduk\u00e7a \u00e7ok y\u00f6nl\u00fcd\u00fcr ve y\u00fcz\u00fcn farkl\u0131 b\u00f6lgelerinde kullan\u0131labilir. Plazma Kalemi \u00f6zellikle ka\u015f \u00e7atma \u00e7izgileri, al\u0131n k\u0131r\u0131\u015f\u0131kl\u0131klar\u0131, kaz ayaklar\u0131, sark\u0131k g\u00f6z kapaklar\u0131 ve g\u00f6z alt\u0131 b\u00f6lgesinde kullan\u0131l\u0131r.<\/p>\n<p> <strong>G\u00f6z kapa\u011f\u0131 kald\u0131rma Viyana<\/strong> size daha gen\u00e7 ve parlak bir g\u00f6r\u00fcn\u00fcm kazand\u0131r\u0131r.<\/p>\n\t\t\t\t\t\t<\/div>\n\t\t\t\t<\/div>\n\t\t\t\t<div class=\"elementor-element elementor-element-7fe6b81 elementor-widget elementor-widget-heading\" data-id=\"7fe6b81\" data-element_type=\"widget\" data-widget_type=\"heading.default\">\n\t\t\t\t<div class=\"elementor-widget-container\">\n\t\t\t<h4 class=\"elementor-heading-title elementor-size-default\">Tedavi nas\u0131l ilerliyor?<\/h4>\t\t<\/div>\n\t\t\t\t<\/div>\n\t\t\t\t<div class=\"elementor-element elementor-element-46714a5 elementor-widget elementor-widget-text-editor\" data-id=\"46714a5\" data-element_type=\"widget\" data-widget_type=\"text-editor.default\">\n\t\t\t\t<div class=\"elementor-widget-container\">\n\t\t\t\t\t\t\t<p>Plazma Kalemi ile <strong>ameliyats\u0131z g\u00f6z kapa\u011f\u0131 kald\u0131rma<\/strong> i\u015fleminden \u00f6nce topikal anestezik krem uygulan\u0131r. Bunu yakla\u015f\u0131k 30 dakika a\u00e7\u0131k b\u0131rak\u0131yoruz. Tedavi daha sonra g\u00f6z kapa\u011f\u0131 ve lateral temporal b\u00f6lgeye belirli bir d\u00fczende noktalar yerle\u015ftirilerek ger\u00e7ekle\u015ftirilir. Tamamland\u0131ktan sonra, noktalar\u0131 \u00f6rtmek ve dokuyu iyile\u015ftirmek i\u00e7in bir pudra ve sabitleyici sprey uygulan\u0131r.<\/p>\n\t\t\t\t\t\t<\/div>\n\t\t\t\t<\/div>\n\t\t\t\t\t<\/div>\n\t\t<\/div>\n\t\t\t\t<div class=\"elementor-column elementor-col-50 elementor-top-column elementor-element elementor-element-7b09f68\" data-id=\"7b09f68\" data-element_type=\"column\" data-settings=\"{&quot;background_background&quot;:&quot;classic&quot;}\">\n\t\t\t<div class=\"elementor-widget-wrap elementor-element-populated\">\n\t\t\t\t\t\t<div class=\"elementor-element elementor-element-c93b5ef elementor-widget elementor-widget-spacer\" data-id=\"c93b5ef\" data-element_type=\"widget\" data-widget_type=\"spacer.default\">\n\t\t\t\t<div class=\"elementor-widget-container\">\n\t\t\t\t\t<div class=\"elementor-spacer\">\n\t\t\t<div class=\"elementor-spacer-inner\"><\/div>\n\t\t<\/div>\n\t\t\t\t<\/div>\n\t\t\t\t<\/div>\n\t\t\t\t\t<\/div>\n\t\t<\/div>\n\t\t\t\t\t<\/div>\n\t\t<\/section>\n\t\t\t\t<section class=\"elementor-section elementor-top-section elementor-element elementor-element-0968ce3 elementor-section-height-min-height elementor-section-boxed elementor-section-height-default elementor-section-items-middle\" data-id=\"0968ce3\" data-element_type=\"section\" data-settings=\"{&quot;background_background&quot;:&quot;classic&quot;}\">\n\t\t\t\t\t\t<div class=\"elementor-container elementor-column-gap-default\">\n\t\t\t\t\t<div class=\"elementor-column elementor-col-100 elementor-top-column elementor-element elementor-element-5bc24ab\" data-id=\"5bc24ab\" data-element_type=\"column\">\n\t\t\t<div class=\"elementor-widget-wrap elementor-element-populated\">\n\t\t\t\t\t\t<div class=\"elementor-element elementor-element-adff6c6 elementor-widget elementor-widget-heading\" data-id=\"adff6c6\" data-element_type=\"widget\" data-widget_type=\"heading.default\">\n\t\t\t\t<div class=\"elementor-widget-container\">\n\t\t\t<h2 class=\"elementor-heading-title elementor-size-default\">G\u00f6z kapa\u011f\u0131 kald\u0131rma Viyana<\/h2>\t\t<\/div>\n\t\t\t\t<\/div>\n\t\t\t\t<div class=\"elementor-element elementor-element-c93f338 elementor-widget elementor-widget-heading\" data-id=\"c93f338\" data-element_type=\"widget\" data-widget_type=\"heading.default\">\n\t\t\t\t<div class=\"elementor-widget-container\">\n\t\t\t<h4 class=\"elementor-heading-title elementor-size-default\">Kesinti var m\u0131?<\/h4>\t\t<\/div>\n\t\t\t\t<\/div>\n\t\t\t\t<div class=\"elementor-element elementor-element-c9c9ee1 elementor-widget elementor-widget-text-editor\" data-id=\"c9c9ee1\" data-element_type=\"widget\" data-widget_type=\"text-editor.default\">\n\t\t\t\t<div class=\"elementor-widget-container\">\n\t\t\t\t\t\t\t<p>\u00c7o\u011fu ki\u015fi, makyaj yap\u0131lmayan yakla\u015f\u0131k be\u015f g\u00fcnl\u00fck bir kesinti s\u00fcresi bekleyebilir. K\u0131zar\u0131kl\u0131k ve \u015fi\u015flik tedaviden hemen sonra ortaya \u00e7\u0131kar ve \u015fi\u015flik tedaviyi takip eden iki g\u00fcn i\u00e7inde zirveye ula\u015f\u0131r. \u015ei\u015fme s\u00fcrecin \u00f6nemli bir par\u00e7as\u0131 oldu\u011fu i\u00e7in b\u00f6lgeyi so\u011futmamak \u00f6nemlidir. Tedavi alan\u0131nda g\u00f6ze \u00e7arpan nokta i\u015faretleri de olacakt\u0131r. Bu k\u00fc\u00e7\u00fck, i\u011fneye benzer noktalar, kabuk haline gelmi\u015f a\u015f\u0131nm\u0131\u015f doku par\u00e7alar\u0131d\u0131r. Bunlar yakla\u015f\u0131k d\u00f6rt ila yedi g\u00fcn s\u00fcrer ve yara izi kalmamas\u0131 i\u00e7in ka\u015f\u0131maktan veya \u0131slatmaktan ka\u00e7\u0131nman\u0131z gerekir. Kabuk d\u00fc\u015ft\u00fckten sonra normal aktivitelerinize devam edebilir ve kalan k\u0131zar\u0131kl\u0131klar\u0131 kapatmak i\u00e7in makyaj yapabilirsiniz.<\/p>\n\t\t\t\t\t\t<\/div>\n\t\t\t\t<\/div>\n\t\t\t\t<div class=\"elementor-element elementor-element-acc69b2 elementor-widget elementor-widget-heading\" data-id=\"acc69b2\" data-element_type=\"widget\" data-widget_type=\"heading.default\">\n\t\t\t\t<div class=\"elementor-widget-container\">\n\t\t\t<h5 class=\"elementor-heading-title elementor-size-default\">Sonu\u00e7lar ne kadar s\u00fcrer?  <\/h5>\t\t<\/div>\n\t\t\t\t<\/div>\n\t\t\t\t<div class=\"elementor-element elementor-element-7c7c704 elementor-widget elementor-widget-text-editor\" data-id=\"7c7c704\" data-element_type=\"widget\" data-widget_type=\"text-editor.default\">\n\t\t\t\t<div class=\"elementor-widget-container\">\n\t\t\t\t\t\t\t<p>Genellikle iki tedavi gereklidir. Ancak, daha ileri tedavilerin gerekli olup olmad\u0131\u011f\u0131 gev\u015fekli\u011fin derecesine ba\u011fl\u0131d\u0131r. \u0130lk tedavinin tam etkisi 12 hafta sonra g\u00f6r\u00fclebilir. Bu noktada gerekirse <strong>ameliyats\u0131z g\u00f6z kapa\u011f\u0131 kald\u0131rma<\/strong> i\u00e7in Plazma Kalemi ile ikinci bir s\u0131k\u0131la\u015ft\u0131rma ve kald\u0131rma tedavisi yap\u0131labilir.<\/p>\n\t\t\t\t\t\t<\/div>\n\t\t\t\t<\/div>\n\t\t\t\t<div class=\"elementor-element elementor-element-b8fcf05 elementor-widget elementor-widget-text-editor\" data-id=\"b8fcf05\" data-element_type=\"widget\" data-widget_type=\"text-editor.default\">\n\t\t\t\t<div class=\"elementor-widget-container\">\n\t\t\t\t\t\t\t<p>D\u0130KKAT: Plazma Kalem tedavinizi kimin yapaca\u011f\u0131n\u0131 dikkatle se\u00e7meniz \u00f6nemlidir. Bir\u00e7ok g\u00fczellik salonu genellikle daha d\u00fc\u015f\u00fck ekipmanlara sahiptir ve ayn\u0131 g\u00fcvenlik protokollerine sahip de\u011fildir.<\/p>\n<p>ADELE g\u00fczellik salonu &#8220;SINIFININ EN \u0130Y\u0130S\u0130&#8221; olan ekipman ve prosed\u00fcrler sunmaktad\u0131r. Tedaviniz yaln\u0131zca en g\u00fcvenli ve en iyi sonu\u00e7lar\u0131 veren onayl\u0131 t\u0131bbi ekipmanlar\u0131 kullanan deneyimli bir cilt estetisyeni taraf\u0131ndan ger\u00e7ekle\u015ftirilecektir.<\/p>\n\t\t\t\t\t\t<\/div>\n\t\t\t\t<\/div>\n\t\t\t\t\t<\/div>\n\t\t<\/div>\n\t\t\t\t\t<\/div>\n\t\t<\/section>\n\t\t\t\t<section class=\"elementor-section elementor-top-section elementor-element elementor-element-4fb54c1a elementor-section-full_width elementor-section-height-default elementor-section-height-default\" data-id=\"4fb54c1a\" data-element_type=\"section\" data-settings=\"{&quot;background_background&quot;:&quot;classic&quot;}\">\n\t\t\t\t\t\t\t<div class=\"elementor-background-overlay\"><\/div>\n\t\t\t\t\t\t\t<div class=\"elementor-container elementor-column-gap-default\">\n\t\t\t\t\t<div class=\"elementor-column elementor-col-100 elementor-top-column elementor-element elementor-element-6333911a\" data-id=\"6333911a\" data-element_type=\"column\">\n\t\t\t<div class=\"elementor-widget-wrap elementor-element-populated\">\n\t\t\t\t\t\t<div class=\"elementor-element elementor-element-81ce17f elementor-widget elementor-widget-spacer\" data-id=\"81ce17f\" data-element_type=\"widget\" data-widget_type=\"spacer.default\">\n\t\t\t\t<div class=\"elementor-widget-container\">\n\t\t\t\t\t<div class=\"elementor-spacer\">\n\t\t\t<div class=\"elementor-spacer-inner\"><\/div>\n\t\t<\/div>\n\t\t\t\t<\/div>\n\t\t\t\t<\/div>\n\t\t\t\t<div class=\"elementor-element elementor-element-75a135c4 elementor-widget elementor-widget-heading\" data-id=\"75a135c4\" data-element_type=\"widget\" data-widget_type=\"heading.default\">\n\t\t\t\t<div class=\"elementor-widget-container\">\n\t\t\t<h2 class=\"elementor-heading-title elementor-size-default\">G\u00f6z Kapa\u011f\u0131 Kald\u0131rma Viyana<\/h2>\t\t<\/div>\n\t\t\t\t<\/div>\n\t\t\t\t<div class=\"elementor-element elementor-element-1cd3656c elementor-widget elementor-widget-text-editor\" data-id=\"1cd3656c\" data-element_type=\"widget\" data-widget_type=\"text-editor.default\">\n\t\t\t\t<div class=\"elementor-widget-container\">\n\t\t\t\t\t\t\t<p style=\"text-align: center;\">Tedavilerimizle ilgileniyor musunuz? Bizi sosyal medyadan da takip edebilirsiniz<\/p>\n\t\t\t\t\t\t<\/div>\n\t\t\t\t<\/div>\n\t\t\t\t<section class=\"elementor-section elementor-inner-section elementor-element elementor-element-65b7fbaf elementor-section-boxed elementor-section-height-default elementor-section-height-default\" data-id=\"65b7fbaf\" data-element_type=\"section\">\n\t\t\t\t\t\t<div class=\"elementor-container elementor-column-gap-wider\">\n\t\t\t\t\t<div class=\"elementor-column elementor-col-50 elementor-inner-column elementor-element elementor-element-85e1d6\" data-id=\"85e1d6\" data-element_type=\"column\">\n\t\t\t<div class=\"elementor-widget-wrap elementor-element-populated\">\n\t\t\t\t\t\t<div class=\"elementor-element elementor-element-4cdc6218 elementor-widget elementor-widget-image\" data-id=\"4cdc6218\" data-element_type=\"widget\" data-widget_type=\"image.default\">\n\t\t\t\t<div class=\"elementor-widget-container\">\n\t\t\t\t\t\t\t\t\t\t\t\t\t\t<a href=\"https:\/\/www.instagram.com\/adele_luxury_spa\/\" target=\"_blank\" rel=\"noopener\">\n\t\t\t\t\t\t\t<img decoding=\"async\" src=\"https:\/\/www.adele-schoenheitssalon.at\/wp-content\/uploads\/elementor\/thumbs\/Instagram-Logo-q7wajzuc3ejnpd3wvj513w64vzn1l14pxml672bz6m.png\" title=\"Instagram-Logo\" alt=\"Instagram-Logo\" loading=\"lazy\" \/>\t\t\t\t\t\t\t\t<\/a>\n\t\t\t\t\t\t\t\t\t\t\t\t\t<\/div>\n\t\t\t\t<\/div>\n\t\t\t\t\t<\/div>\n\t\t<\/div>\n\t\t\t\t<div class=\"elementor-column elementor-col-50 elementor-inner-column elementor-element elementor-element-dfce9f2\" data-id=\"dfce9f2\" data-element_type=\"column\">\n\t\t\t<div class=\"elementor-widget-wrap elementor-element-populated\">\n\t\t\t\t\t\t<div class=\"elementor-element elementor-element-427224ce elementor-widget elementor-widget-image\" data-id=\"427224ce\" data-element_type=\"widget\" data-widget_type=\"image.default\">\n\t\t\t\t<div class=\"elementor-widget-container\">\n\t\t\t\t\t\t\t\t\t\t\t\t\t\t<a href=\"https:\/\/www.facebook.com\/adeleschonheitssalon\" target=\"_blank\" rel=\"noopener\">\n\t\t\t\t\t\t\t<img decoding=\"async\" src=\"https:\/\/www.adele-schoenheitssalon.at\/wp-content\/uploads\/elementor\/thumbs\/Facebook-Logo-q7wajzuc3ejnpd3wvj513w64vzn1l14pxml672bz6w.png\" title=\"Facebook-Logo\" alt=\"Facebook-Logo\" loading=\"lazy\" \/>\t\t\t\t\t\t\t\t<\/a>\n\t\t\t\t\t\t\t\t\t\t\t\t\t<\/div>\n\t\t\t\t<\/div>\n\t\t\t\t\t<\/div>\n\t\t<\/div>\n\t\t\t\t\t<\/div>\n\t\t<\/section>\n\t\t\t\t<div class=\"elementor-element elementor-element-64e9791d elementor-widget elementor-widget-spacer\" data-id=\"64e9791d\" data-element_type=\"widget\" data-widget_type=\"spacer.default\">\n\t\t\t\t<div class=\"elementor-widget-container\">\n\t\t\t\t\t<div class=\"elementor-spacer\">\n\t\t\t<div class=\"elementor-spacer-inner\"><\/div>\n\t\t<\/div>\n\t\t\t\t<\/div>\n\t\t\t\t<\/div>\n\t\t\t\t\t<\/div>\n\t\t<\/div>\n\t\t\t\t\t<\/div>\n\t\t<\/section>\n\t\t\t\t<\/div>\n\t\t","protected":false},"excerpt":{"rendered":"<p>G\u00f6z kapa\u011f\u0131 kald\u0131rma Viyana Randevu ayarlay\u0131n ADELE G\u00fczellik Salonu Ameliyats\u0131z g\u00f6z kapa\u011f\u0131 kald\u0131rma G\u00fcne\u015f hasar\u0131, kirlilik, dikkatsiz s\u00fcrt\u00fcnme, zahmetli makyaj temizleme ve ya\u015flanma. T\u00fcm bunlar, g\u00f6z \u00e7evresindeki cildin ilk &#8220;bozulan&#8221; cilt olmas\u0131na yol a\u00e7ar. Blefaroplasti olarak da bilinen g\u00f6z kapa\u011f\u0131 kald\u0131rma ameliyat\u0131n\u0131n aksine, plazma g\u00f6z kapa\u011f\u0131 kald\u0131rma en son cerrahi olmayan prosed\u00fcrd\u00fcr. G\u00f6z kapa\u011f\u0131 cildini&hellip; <a class=\"more-link\" href=\"https:\/\/www.adele-schoenheitssalon.at\/tr\/goez-kapagi-kaldirma-viyana\/\">Okumaya devam et <span class=\"screen-reader-text\">G\u00f6z kapa\u011f\u0131 kald\u0131rma Viyana<\/span><\/a><\/p>\n","protected":false},"author":1,"featured_media":3607,"parent":0,"menu_order":0,"comment_status":"closed","ping_status":"closed","template":"elementor_header_footer","meta":{"footnotes":""},"class_list":["post-3752","page","type-page","status-publish","has-post-thumbnail","hentry","entry"],"_links":{"self":[{"href":"https:\/\/www.adele-schoenheitssalon.at\/tr\/wp-json\/wp\/v2\/pages\/3752","targetHints":{"allow":["GET"]}}],"collection":[{"href":"https:\/\/www.adele-schoenheitssalon.at\/tr\/wp-json\/wp\/v2\/pages"}],"about":[{"href":"https:\/\/www.adele-schoenheitssalon.at\/tr\/wp-json\/wp\/v2\/types\/page"}],"author":[{"embeddable":true,"href":"https:\/\/www.adele-schoenheitssalon.at\/tr\/wp-json\/wp\/v2\/users\/1"}],"replies":[{"embeddable":true,"href":"https:\/\/www.adele-schoenheitssalon.at\/tr\/wp-json\/wp\/v2\/comments?post=3752"}],"version-history":[{"count":2,"href":"https:\/\/www.adele-schoenheitssalon.at\/tr\/wp-json\/wp\/v2\/pages\/3752\/revisions"}],"predecessor-version":[{"id":9387,"href":"https:\/\/www.adele-schoenheitssalon.at\/tr\/wp-json\/wp\/v2\/pages\/3752\/revisions\/9387"}],"wp:featuredmedia":[{"embeddable":true,"href":"https:\/\/www.adele-schoenheitssalon.at\/tr\/wp-json\/wp\/v2\/media\/3607"}],"wp:attachment":[{"href":"https:\/\/www.adele-schoenheitssalon.at\/tr\/wp-json\/wp\/v2\/media?parent=3752"}],"curies":[{"name":"wp","href":"https:\/\/api.w.org\/{rel}","templated":true}]}}