{"id":3820,"date":"2021-10-08T22:46:23","date_gmt":"2021-10-08T21:46:23","guid":{"rendered":"https:\/\/www.adele-schoenheitssalon.at\/kalici-makyaj-dudaklar\/"},"modified":"2026-03-26T01:37:49","modified_gmt":"2026-03-26T00:37:49","slug":"kalici-makyaj-dudaklar","status":"publish","type":"page","link":"https:\/\/www.adele-schoenheitssalon.at\/tr\/kalici-makyaj-dudaklar\/","title":{"rendered":"Kal\u0131c\u0131 Makyaj Dudaklar"},"content":{"rendered":"\t\t<div data-elementor-type=\"wp-page\" data-elementor-id=\"3820\" class=\"elementor elementor-3820 elementor-442\" data-elementor-post-type=\"page\">\n\t\t\t\t\t\t<section class=\"elementor-section elementor-top-section elementor-element elementor-element-3408dd6 elementor-section-height-min-height elementor-section-items-bottom elementor-section-boxed elementor-section-height-default\" data-id=\"3408dd6\" data-element_type=\"section\" data-settings=\"{&quot;background_background&quot;:&quot;classic&quot;}\">\n\t\t\t\t\t\t<div class=\"elementor-container elementor-column-gap-default\">\n\t\t\t\t\t<div class=\"elementor-column elementor-col-50 elementor-top-column elementor-element elementor-element-3536b56b\" data-id=\"3536b56b\" data-element_type=\"column\" data-settings=\"{&quot;background_background&quot;:&quot;classic&quot;}\">\n\t\t\t<div class=\"elementor-widget-wrap elementor-element-populated\">\n\t\t\t\t\t\t<div class=\"elementor-element elementor-element-4f964bc2 elementor-widget elementor-widget-heading\" data-id=\"4f964bc2\" data-element_type=\"widget\" data-widget_type=\"heading.default\">\n\t\t\t\t<div class=\"elementor-widget-container\">\n\t\t\t<h1 class=\"elementor-heading-title elementor-size-default\">Kal\u0131c\u0131 Makyaj Dudaklar<\/h1>\t\t<\/div>\n\t\t\t\t<\/div>\n\t\t\t\t\t<\/div>\n\t\t<\/div>\n\t\t\t\t<div class=\"elementor-column elementor-col-50 elementor-top-column elementor-element elementor-element-50647aa4\" data-id=\"50647aa4\" data-element_type=\"column\" data-settings=\"{&quot;background_background&quot;:&quot;classic&quot;}\">\n\t\t\t<div class=\"elementor-widget-wrap\">\n\t\t\t\t\t\t\t<\/div>\n\t\t<\/div>\n\t\t\t\t\t<\/div>\n\t\t<\/section>\n\t\t\t\t<section class=\"elementor-section elementor-top-section elementor-element elementor-element-76b89160 elementor-section-boxed elementor-section-height-default elementor-section-height-default\" data-id=\"76b89160\" data-element_type=\"section\">\n\t\t\t\t\t\t<div class=\"elementor-container elementor-column-gap-default\">\n\t\t\t\t\t<div class=\"elementor-column elementor-col-100 elementor-top-column elementor-element elementor-element-63368530\" data-id=\"63368530\" data-element_type=\"column\">\n\t\t\t<div class=\"elementor-widget-wrap elementor-element-populated\">\n\t\t\t\t\t\t<div class=\"elementor-element elementor-element-7f009ddd elementor-widget elementor-widget-heading\" data-id=\"7f009ddd\" data-element_type=\"widget\" data-widget_type=\"heading.default\">\n\t\t\t\t<div class=\"elementor-widget-container\">\n\t\t\t<h2 class=\"elementor-heading-title elementor-size-default\">Dudak G\u00f6lgelendirme Viyana<\/h2>\t\t<\/div>\n\t\t\t\t<\/div>\n\t\t\t\t<div class=\"elementor-element elementor-element-2f617464 elementor-widget elementor-widget-text-editor\" data-id=\"2f617464\" data-element_type=\"widget\" data-widget_type=\"text-editor.default\">\n\t\t\t\t<div class=\"elementor-widget-container\">\n\t\t\t\t\t\t\t<p>Lip Shading dudaklar\u0131n\u0131za renk katar ve m\u00fckemmel bir \u015fekil i\u00e7in dudak \u00e7izgisini belirginle\u015ftirir.<\/p>\n<p>G\u00fczellik uzmanlar\u0131m\u0131z do\u011fal dudak \u015feklinizi simetri ve renkle vurguluyor. Dudak hatlar\u0131n\u0131 belirginle\u015ftiren ve dudaklar\u0131n\u0131za do\u011fal bir parlakl\u0131k veren son derece pop\u00fcler bir uygulamad\u0131r. Bu yar\u0131 kal\u0131c\u0131 tedavi, iyile\u015ftikten sonra \u00e7ok do\u011fal sonu\u00e7lar sa\u011flar.<\/p>\n<p>Pigmentler, dudaklar\u0131n\u0131za m\u00fckemmel uyum sa\u011flamak i\u00e7in farkl\u0131 tonlarda ve renklerde mevcuttur. Dudak g\u00f6lgelendirme, do\u011fal duda\u011f\u0131n\u0131z\u0131 vurgulayan ve yara izlerini, solgunlu\u011fu veya kusurlar\u0131 gizleyen ince bir renk sa\u011flar.<\/p>\n<p>Amac\u0131m\u0131z t\u00fcm m\u00fc\u015fterilerimize her zaman m\u00fcmk\u00fcn olan en do\u011fal sonucu sunmakt\u0131r. \u0130mza tekni\u011fimiz k\u00fc\u00e7\u00fck bir i\u011fne kullan\u0131r ve g\u00fc\u00e7l\u00fc bir dudak \u00e7izgisi \/ s\u0131n\u0131r\u0131 olu\u015fturmadan rengi uygulamak i\u00e7in dudaklarda nazik\u00e7e \u00e7al\u0131\u015f\u0131r. Renkler, m\u00fc\u015fterinin istedi\u011fi sonu\u00e7lara ve cilt tonlar\u0131na uyacak \u015fekilde \u00f6zenle se\u00e7ilir.<\/p>\n\t\t\t\t\t\t<\/div>\n\t\t\t\t<\/div>\n\t\t\t\t<div class=\"elementor-element elementor-element-7dc8c71 elementor-widget elementor-widget-spacer\" data-id=\"7dc8c71\" data-element_type=\"widget\" data-widget_type=\"spacer.default\">\n\t\t\t\t<div class=\"elementor-widget-container\">\n\t\t\t\t\t<div class=\"elementor-spacer\">\n\t\t\t<div class=\"elementor-spacer-inner\"><\/div>\n\t\t<\/div>\n\t\t\t\t<\/div>\n\t\t\t\t<\/div>\n\t\t\t\t<div class=\"elementor-element elementor-element-ff4c217 elementor-widget elementor-widget-heading\" data-id=\"ff4c217\" data-element_type=\"widget\" data-widget_type=\"heading.default\">\n\t\t\t\t<div class=\"elementor-widget-container\">\n\t\t\t<h2 class=\"elementor-heading-title elementor-size-default\">Dudak G\u00f6lgelendirme Kal\u0131c\u0131 Makyaj\u0131n\u0131n Avantajlar\u0131<\/h2>\t\t<\/div>\n\t\t\t\t<\/div>\n\t\t\t\t<div class=\"elementor-element elementor-element-39fd898 elementor-icon-list--layout-traditional elementor-list-item-link-full_width elementor-widget elementor-widget-icon-list\" data-id=\"39fd898\" data-element_type=\"widget\" data-widget_type=\"icon-list.default\">\n\t\t\t\t<div class=\"elementor-widget-container\">\n\t\t\t\t\t<ul class=\"elementor-icon-list-items\">\n\t\t\t\t\t\t\t<li class=\"elementor-icon-list-item\">\n\t\t\t\t\t\t\t\t\t\t\t<span class=\"elementor-icon-list-icon\">\n\t\t\t\t\t\t\t<i aria-hidden=\"true\" class=\"fas fa-chevron-right\"><\/i>\t\t\t\t\t\t<\/span>\n\t\t\t\t\t\t\t\t\t\t<span class=\"elementor-icon-list-text\">Art\u0131k bula\u015fma yok: Kal\u0131c\u0131 makyaj dudak g\u00f6lgelendirmesi ile renk pigmentlerini cildin \u00fcst katman\u0131na yerle\u015ftiriyoruz. Daha aktif olanlar i\u00e7in ideal - makyaj lekesi olmadan ko\u015fu, spor salonu veya pilates.<\/span>\n\t\t\t\t\t\t\t\t\t<\/li>\n\t\t\t\t\t\t\t\t<li class=\"elementor-icon-list-item\">\n\t\t\t\t\t\t\t\t\t\t\t<span class=\"elementor-icon-list-icon\">\n\t\t\t\t\t\t\t<i aria-hidden=\"true\" class=\"fas fa-chevron-right\"><\/i>\t\t\t\t\t\t<\/span>\n\t\t\t\t\t\t\t\t\t\t<span class=\"elementor-icon-list-text\">Sabahlar\u0131 zamandan tasarruf edin: dudak rengi yar\u0131 kal\u0131c\u0131d\u0131r, b\u00f6ylece dudaklar\u0131n\u0131z\u0131 \u015fekillendirmek veya her g\u00fcn ruj ve dudak parlat\u0131c\u0131s\u0131 s\u00fcrmek konusunda endi\u015felenmenize gerek kalmaz.<\/span>\n\t\t\t\t\t\t\t\t\t<\/li>\n\t\t\t\t\t\t\t\t<li class=\"elementor-icon-list-item\">\n\t\t\t\t\t\t\t\t\t\t\t<span class=\"elementor-icon-list-icon\">\n\t\t\t\t\t\t\t<i aria-hidden=\"true\" class=\"fas fa-chevron-right\"><\/i>\t\t\t\t\t\t<\/span>\n\t\t\t\t\t\t\t\t\t\t<span class=\"elementor-icon-list-text\">Uzun s\u00fcre kal\u0131c\u0131 dudak rengi: Bu, cilt tonunuza uygun ve dudaklar\u0131n\u0131z\u0131n \u015feklini \u00f6ne \u00e7\u0131karan bir dudak rengi uygulaman\u0131za olanak tan\u0131r.<\/span>\n\t\t\t\t\t\t\t\t\t<\/li>\n\t\t\t\t\t\t\t\t<li class=\"elementor-icon-list-item\">\n\t\t\t\t\t\t\t\t\t\t\t<span class=\"elementor-icon-list-icon\">\n\t\t\t\t\t\t\t<i aria-hidden=\"true\" class=\"fas fa-chevron-right\"><\/i>\t\t\t\t\t\t<\/span>\n\t\t\t\t\t\t\t\t\t\t<span class=\"elementor-icon-list-text\">Soluk veya belirgin olmayan dudaklar i\u00e7in ideal \u00e7\u00f6z\u00fcm: \u00c7ok solgun veya ya\u015flanm\u0131\u015f dudaklar i\u00e7in m\u00fckemmel bir \u00e7\u00f6z\u00fcmd\u00fcr.<\/span>\n\t\t\t\t\t\t\t\t\t<\/li>\n\t\t\t\t\t\t\t\t<li class=\"elementor-icon-list-item\">\n\t\t\t\t\t\t\t\t\t\t\t<span class=\"elementor-icon-list-icon\">\n\t\t\t\t\t\t\t<i aria-hidden=\"true\" class=\"fas fa-chevron-right\"><\/i>\t\t\t\t\t\t<\/span>\n\t\t\t\t\t\t\t\t\t\t<span class=\"elementor-icon-list-text\">Soluk veya belirgin olmayan dudaklar i\u00e7in ideal \u00e7\u00f6z\u00fcm: \u00c7ok solgun veya ya\u015flanm\u0131\u015f dudaklar i\u00e7in m\u00fckemmel bir \u00e7\u00f6z\u00fcmd\u00fcr.<\/span>\n\t\t\t\t\t\t\t\t\t<\/li>\n\t\t\t\t\t\t\t\t<li class=\"elementor-icon-list-item\">\n\t\t\t\t\t\t\t\t\t\t\t<span class=\"elementor-icon-list-icon\">\n\t\t\t\t\t\t\t<i aria-hidden=\"true\" class=\"fas fa-chevron-right\"><\/i>\t\t\t\t\t\t<\/span>\n\t\t\t\t\t\t\t\t\t\t<span class=\"elementor-icon-list-text\">Solgun ve ya\u015flanan dudaklar i\u00e7in pigmentasyonu art\u0131r\u0131n ve dudak tonunuzu ki\u015fiselle\u015ftirin.<\/span>\n\t\t\t\t\t\t\t\t\t<\/li>\n\t\t\t\t\t\t\t\t<li class=\"elementor-icon-list-item\">\n\t\t\t\t\t\t\t\t\t\t\t<span class=\"elementor-icon-list-icon\">\n\t\t\t\t\t\t\t<i aria-hidden=\"true\" class=\"fas fa-chevron-right\"><\/i>\t\t\t\t\t\t<\/span>\n\t\t\t\t\t\t\t\t\t\t<span class=\"elementor-icon-list-text\">Bak\u0131m gerektirmeyen dudaklar: Art\u0131k lipliner ve parlat\u0131c\u0131 yok.<\/span>\n\t\t\t\t\t\t\t\t\t<\/li>\n\t\t\t\t\t\t\t\t<li class=\"elementor-icon-list-item\">\n\t\t\t\t\t\t\t\t\t\t\t<span class=\"elementor-icon-list-icon\">\n\t\t\t\t\t\t\t<i aria-hidden=\"true\" class=\"fas fa-chevron-right\"><\/i>\t\t\t\t\t\t<\/span>\n\t\t\t\t\t\t\t\t\t\t<span class=\"elementor-icon-list-text\">Enjeksiyon veya ameliyat olmadan daha dolgun g\u00f6r\u00fcnen dudaklar.<\/span>\n\t\t\t\t\t\t\t\t\t<\/li>\n\t\t\t\t\t\t\t\t<li class=\"elementor-icon-list-item\">\n\t\t\t\t\t\t\t\t\t\t\t<span class=\"elementor-icon-list-icon\">\n\t\t\t\t\t\t\t<i aria-hidden=\"true\" class=\"fas fa-chevron-right\"><\/i>\t\t\t\t\t\t<\/span>\n\t\t\t\t\t\t\t\t\t\t<span class=\"elementor-icon-list-text\">Yara izleri ve d\u00fczensiz pigmentasyon i\u00e7in renk d\u00fczeltme.<\/span>\n\t\t\t\t\t\t\t\t\t<\/li>\n\t\t\t\t\t\t\t\t<li class=\"elementor-icon-list-item\">\n\t\t\t\t\t\t\t\t\t\t\t<span class=\"elementor-icon-list-icon\">\n\t\t\t\t\t\t\t<i aria-hidden=\"true\" class=\"fas fa-chevron-right\"><\/i>\t\t\t\t\t\t<\/span>\n\t\t\t\t\t\t\t\t\t\t<span class=\"elementor-icon-list-text\">G\u00fcvenli ve etkili: Hi\u00e7bir yan etkisi yoktur ve prosed\u00fcr h\u0131zl\u0131 ve neredeyse a\u011fr\u0131s\u0131zd\u0131r.<\/span>\n\t\t\t\t\t\t\t\t\t<\/li>\n\t\t\t\t\t\t\t\t<li class=\"elementor-icon-list-item\">\n\t\t\t\t\t\t\t\t\t\t\t<span class=\"elementor-icon-list-icon\">\n\t\t\t\t\t\t\t<i aria-hidden=\"true\" class=\"fas fa-chevron-right\"><\/i>\t\t\t\t\t\t<\/span>\n\t\t\t\t\t\t\t\t\t\t<span class=\"elementor-icon-list-text\">Renk tonu gibi iyile\u015ftirir, her ya\u015f i\u00e7in idealdir<\/span>\n\t\t\t\t\t\t\t\t\t<\/li>\n\t\t\t\t\t\t<\/ul>\n\t\t\t\t<\/div>\n\t\t\t\t<\/div>\n\t\t\t\t\t<\/div>\n\t\t<\/div>\n\t\t\t\t\t<\/div>\n\t\t<\/section>\n\t\t\t\t<section class=\"elementor-section elementor-top-section elementor-element elementor-element-49fb5fe elementor-section-boxed elementor-section-height-default elementor-section-height-default\" data-id=\"49fb5fe\" data-element_type=\"section\">\n\t\t\t\t\t\t<div class=\"elementor-container elementor-column-gap-default\">\n\t\t\t\t\t<div class=\"elementor-column elementor-col-50 elementor-top-column elementor-element elementor-element-307c124\" data-id=\"307c124\" data-element_type=\"column\">\n\t\t\t<div class=\"elementor-widget-wrap elementor-element-populated\">\n\t\t\t\t\t\t<div class=\"elementor-element elementor-element-f6d6016 elementor-widget elementor-widget-heading\" data-id=\"f6d6016\" data-element_type=\"widget\" data-widget_type=\"heading.default\">\n\t\t\t\t<div class=\"elementor-widget-container\">\n\t\t\t<h2 class=\"elementor-heading-title elementor-size-default\">PMU dudaklar\u0131 ne kadar s\u00fcre dayan\u0131r?<\/h2>\t\t<\/div>\n\t\t\t\t<\/div>\n\t\t\t\t<div class=\"elementor-element elementor-element-9f56214 elementor-widget elementor-widget-text-editor\" data-id=\"9f56214\" data-element_type=\"widget\" data-widget_type=\"text-editor.default\">\n\t\t\t\t<div class=\"elementor-widget-container\">\n\t\t\t\t\t\t\t<p> <strong>Dudak g\u00f6lgelendirmesi<\/strong> v\u00fccuda, cilt tipine ve ya\u015fam tarz\u0131na ba\u011fl\u0131 olarak iki ila \u00fc\u00e7 y\u0131l aras\u0131nda s\u00fcrebilir. Sigara i\u00e7mek ve g\u00fcne\u015fe maruz kalmak solma s\u00fcrecini h\u0131zland\u0131rabilir ve ya\u011flanmaya e\u011filimliyseniz, demir eksikli\u011finiz varsa veya cilt bak\u0131m\u0131n\u0131zda \u00e7ok fazla peeling \u00fcr\u00fcn\u00fc kullan\u0131yorsan\u0131z, pigment daha h\u0131zl\u0131 solabilir.<\/p>\n<p>Kal\u0131c\u0131 Dudak Makyaj\u0131 uygulamas\u0131, istenen renk ve sonucu elde etmek i\u00e7in iki seans gerektirir. \u0130lk seansta ana ama\u00e7 dudaklar\u0131 n\u00f6tralize ederek e\u015fit bir renge sahip olmalar\u0131n\u0131 sa\u011flamakt\u0131r. \u0130kinci seansta, renk sonu\u00e7lar\u0131 ve uzun \u00f6m\u00fcrl\u00fcl\u00fck i\u00e7in bir kat daha renk eklenir<\/p>\n\t\t\t\t\t\t<\/div>\n\t\t\t\t<\/div>\n\t\t\t\t\t<\/div>\n\t\t<\/div>\n\t\t\t\t<div class=\"elementor-column elementor-col-50 elementor-top-column elementor-element elementor-element-890420f\" data-id=\"890420f\" data-element_type=\"column\">\n\t\t\t<div class=\"elementor-widget-wrap elementor-element-populated\">\n\t\t\t\t\t\t<div class=\"elementor-element elementor-element-15622f4 elementor-widget elementor-widget-image\" data-id=\"15622f4\" data-element_type=\"widget\" data-widget_type=\"image.default\">\n\t\t\t\t<div class=\"elementor-widget-container\">\n\t\t\t\t\t\t\t\t\t\t\t\t\t<img fetchpriority=\"high\" decoding=\"async\" width=\"709\" height=\"1024\" src=\"https:\/\/www.adele-schoenheitssalon.at\/wp-content\/uploads\/2021\/12\/PMU-Lippen-709x1024.jpg\" class=\"attachment-large size-large wp-image-1881\" alt=\"\" srcset=\"https:\/\/www.adele-schoenheitssalon.at\/wp-content\/uploads\/2021\/12\/PMU-Lippen-709x1024.jpg 709w, https:\/\/www.adele-schoenheitssalon.at\/wp-content\/uploads\/2021\/12\/PMU-Lippen-208x300.jpg 208w, https:\/\/www.adele-schoenheitssalon.at\/wp-content\/uploads\/2021\/12\/PMU-Lippen-768x1109.jpg 768w, https:\/\/www.adele-schoenheitssalon.at\/wp-content\/uploads\/2021\/12\/PMU-Lippen-600x866.jpg 600w, https:\/\/www.adele-schoenheitssalon.at\/wp-content\/uploads\/2021\/12\/PMU-Lippen.jpg 800w\" sizes=\"(max-width: 709px) 100vw, 709px\" style=\"width:100%;height:144.38%;max-width:800px\" \/>\t\t\t\t\t\t\t\t\t\t\t\t\t<\/div>\n\t\t\t\t<\/div>\n\t\t\t\t\t<\/div>\n\t\t<\/div>\n\t\t\t\t\t<\/div>\n\t\t<\/section>\n\t\t\t\t<section class=\"elementor-section elementor-top-section elementor-element elementor-element-b0f6578 elementor-section-full_width elementor-section-height-default elementor-section-height-default\" data-id=\"b0f6578\" data-element_type=\"section\" data-settings=\"{&quot;background_background&quot;:&quot;classic&quot;}\">\n\t\t\t\t\t\t\t<div class=\"elementor-background-overlay\"><\/div>\n\t\t\t\t\t\t\t<div class=\"elementor-container elementor-column-gap-default\">\n\t\t\t\t\t<div class=\"elementor-column elementor-col-100 elementor-top-column elementor-element elementor-element-45aadeec\" data-id=\"45aadeec\" data-element_type=\"column\">\n\t\t\t<div class=\"elementor-widget-wrap elementor-element-populated\">\n\t\t\t\t\t\t<div class=\"elementor-element elementor-element-21b09adc elementor-widget elementor-widget-spacer\" data-id=\"21b09adc\" data-element_type=\"widget\" data-widget_type=\"spacer.default\">\n\t\t\t\t<div class=\"elementor-widget-container\">\n\t\t\t\t\t<div class=\"elementor-spacer\">\n\t\t\t<div class=\"elementor-spacer-inner\"><\/div>\n\t\t<\/div>\n\t\t\t\t<\/div>\n\t\t\t\t<\/div>\n\t\t\t\t<div class=\"elementor-element elementor-element-388e7985 elementor-widget elementor-widget-heading\" data-id=\"388e7985\" data-element_type=\"widget\" data-widget_type=\"heading.default\">\n\t\t\t\t<div class=\"elementor-widget-container\">\n\t\t\t<h3 class=\"elementor-heading-title elementor-size-default\">Kal\u0131c\u0131 Makyaj Dudaklar<\/h3>\t\t<\/div>\n\t\t\t\t<\/div>\n\t\t\t\t<div class=\"elementor-element elementor-element-18437d9e elementor-widget elementor-widget-text-editor\" data-id=\"18437d9e\" data-element_type=\"widget\" data-widget_type=\"text-editor.default\">\n\t\t\t\t<div class=\"elementor-widget-container\">\n\t\t\t\t\t\t\t<p style=\"text-align: center;\"><span style=\"color: #ffffff;\"><a style=\"color: #ffffff;\" href=\"https:\/\/www.adele-schoenheitssalon.at\/tr\/\">Tedavilerimiz<\/a><\/span>ile ilgileniyormusunuz? Bizi sosyal medyadan da takip edebilirsiniz<\/p>\n\t\t\t\t\t\t<\/div>\n\t\t\t\t<\/div>\n\t\t\t\t<section class=\"elementor-section elementor-inner-section elementor-element elementor-element-32b04e0 elementor-section-boxed elementor-section-height-default elementor-section-height-default\" data-id=\"32b04e0\" data-element_type=\"section\">\n\t\t\t\t\t\t<div class=\"elementor-container elementor-column-gap-wider\">\n\t\t\t\t\t<div class=\"elementor-column elementor-col-50 elementor-inner-column elementor-element elementor-element-525504d8\" data-id=\"525504d8\" data-element_type=\"column\">\n\t\t\t<div class=\"elementor-widget-wrap elementor-element-populated\">\n\t\t\t\t\t\t<div class=\"elementor-element elementor-element-64b327d4 elementor-widget elementor-widget-image\" data-id=\"64b327d4\" data-element_type=\"widget\" data-widget_type=\"image.default\">\n\t\t\t\t<div class=\"elementor-widget-container\">\n\t\t\t\t\t\t\t\t\t\t\t\t\t\t<a href=\"https:\/\/www.instagram.com\/adele_luxury_spa\/\" target=\"_blank\" rel=\"noopener\">\n\t\t\t\t\t\t\t<img decoding=\"async\" src=\"https:\/\/www.adele-schoenheitssalon.at\/wp-content\/uploads\/elementor\/thumbs\/Instagram-Logo-q7wajzuc3ejnpd3wvj513w64vzn1l14pxml672bz6m.png\" title=\"Instagram-Logo\" alt=\"Instagram-Logo\" loading=\"lazy\" \/>\t\t\t\t\t\t\t\t<\/a>\n\t\t\t\t\t\t\t\t\t\t\t\t\t<\/div>\n\t\t\t\t<\/div>\n\t\t\t\t\t<\/div>\n\t\t<\/div>\n\t\t\t\t<div class=\"elementor-column elementor-col-50 elementor-inner-column elementor-element elementor-element-16805af4\" data-id=\"16805af4\" data-element_type=\"column\">\n\t\t\t<div class=\"elementor-widget-wrap elementor-element-populated\">\n\t\t\t\t\t\t<div class=\"elementor-element elementor-element-3dd5d75f elementor-widget elementor-widget-image\" data-id=\"3dd5d75f\" data-element_type=\"widget\" data-widget_type=\"image.default\">\n\t\t\t\t<div class=\"elementor-widget-container\">\n\t\t\t\t\t\t\t\t\t\t\t\t\t\t<a href=\"https:\/\/www.facebook.com\/adeleschonheitssalon\" target=\"_blank\" rel=\"noopener\">\n\t\t\t\t\t\t\t<img decoding=\"async\" src=\"https:\/\/www.adele-schoenheitssalon.at\/wp-content\/uploads\/elementor\/thumbs\/Facebook-Logo-q7wajzuc3ejnpd3wvj513w64vzn1l14pxml672bz6w.png\" title=\"Facebook-Logo\" alt=\"Facebook-Logo\" loading=\"lazy\" \/>\t\t\t\t\t\t\t\t<\/a>\n\t\t\t\t\t\t\t\t\t\t\t\t\t<\/div>\n\t\t\t\t<\/div>\n\t\t\t\t\t<\/div>\n\t\t<\/div>\n\t\t\t\t\t<\/div>\n\t\t<\/section>\n\t\t\t\t<div class=\"elementor-element elementor-element-5d2aee6f elementor-widget elementor-widget-spacer\" data-id=\"5d2aee6f\" data-element_type=\"widget\" data-widget_type=\"spacer.default\">\n\t\t\t\t<div class=\"elementor-widget-container\">\n\t\t\t\t\t<div class=\"elementor-spacer\">\n\t\t\t<div class=\"elementor-spacer-inner\"><\/div>\n\t\t<\/div>\n\t\t\t\t<\/div>\n\t\t\t\t<\/div>\n\t\t\t\t\t<\/div>\n\t\t<\/div>\n\t\t\t\t\t<\/div>\n\t\t<\/section>\n\t\t\t\t<\/div>\n\t\t","protected":false},"excerpt":{"rendered":"<p>Kal\u0131c\u0131 Makyaj Dudaklar Dudak G\u00f6lgelendirme Viyana Lip Shading dudaklar\u0131n\u0131za renk katar ve m\u00fckemmel bir \u015fekil i\u00e7in dudak \u00e7izgisini belirginle\u015ftirir. G\u00fczellik uzmanlar\u0131m\u0131z do\u011fal dudak \u015feklinizi simetri ve renkle vurguluyor. Dudak hatlar\u0131n\u0131 belirginle\u015ftiren ve dudaklar\u0131n\u0131za do\u011fal bir parlakl\u0131k veren son derece pop\u00fcler bir uygulamad\u0131r. Bu yar\u0131 kal\u0131c\u0131 tedavi, iyile\u015ftikten sonra \u00e7ok do\u011fal sonu\u00e7lar sa\u011flar. Pigmentler, dudaklar\u0131n\u0131za m\u00fckemmel&hellip; <a class=\"more-link\" href=\"https:\/\/www.adele-schoenheitssalon.at\/tr\/kalici-makyaj-dudaklar\/\">Okumaya devam et <span class=\"screen-reader-text\">Kal\u0131c\u0131 Makyaj Dudaklar<\/span><\/a><\/p>\n","protected":false},"author":1,"featured_media":3612,"parent":0,"menu_order":0,"comment_status":"closed","ping_status":"closed","template":"elementor_header_footer","meta":{"footnotes":""},"class_list":["post-3820","page","type-page","status-publish","has-post-thumbnail","hentry","entry"],"_links":{"self":[{"href":"https:\/\/www.adele-schoenheitssalon.at\/tr\/wp-json\/wp\/v2\/pages\/3820","targetHints":{"allow":["GET"]}}],"collection":[{"href":"https:\/\/www.adele-schoenheitssalon.at\/tr\/wp-json\/wp\/v2\/pages"}],"about":[{"href":"https:\/\/www.adele-schoenheitssalon.at\/tr\/wp-json\/wp\/v2\/types\/page"}],"author":[{"embeddable":true,"href":"https:\/\/www.adele-schoenheitssalon.at\/tr\/wp-json\/wp\/v2\/users\/1"}],"replies":[{"embeddable":true,"href":"https:\/\/www.adele-schoenheitssalon.at\/tr\/wp-json\/wp\/v2\/comments?post=3820"}],"version-history":[{"count":2,"href":"https:\/\/www.adele-schoenheitssalon.at\/tr\/wp-json\/wp\/v2\/pages\/3820\/revisions"}],"predecessor-version":[{"id":9182,"href":"https:\/\/www.adele-schoenheitssalon.at\/tr\/wp-json\/wp\/v2\/pages\/3820\/revisions\/9182"}],"wp:featuredmedia":[{"embeddable":true,"href":"https:\/\/www.adele-schoenheitssalon.at\/tr\/wp-json\/wp\/v2\/media\/3612"}],"wp:attachment":[{"href":"https:\/\/www.adele-schoenheitssalon.at\/tr\/wp-json\/wp\/v2\/media?parent=3820"}],"curies":[{"name":"wp","href":"https:\/\/api.w.org\/{rel}","templated":true}]}}