{"id":4013,"date":"2022-09-28T01:22:13","date_gmt":"2022-09-28T00:22:13","guid":{"rendered":"https:\/\/www.adele-schoenheitssalon.at\/?page_id=4013"},"modified":"2026-04-10T01:11:52","modified_gmt":"2026-04-10T00:11:52","slug":"rezervasyon","status":"publish","type":"page","link":"https:\/\/www.adele-schoenheitssalon.at\/tr\/rezervasyon\/","title":{"rendered":"Rezervasyon"},"content":{"rendered":"\t\t<div data-elementor-type=\"wp-page\" data-elementor-id=\"4013\" class=\"elementor elementor-4013 elementor-4012\" data-elementor-post-type=\"page\">\n\t\t\t\t\t\t<section class=\"elementor-section elementor-top-section elementor-element elementor-element-7db3a4bd elementor-section-content-bottom elementor-section-boxed elementor-section-height-default elementor-section-height-default\" data-id=\"7db3a4bd\" data-element_type=\"section\" data-settings=\"{&quot;background_background&quot;:&quot;classic&quot;}\">\n\t\t\t\t\t\t<div class=\"elementor-container elementor-column-gap-default\">\n\t\t\t\t\t<div class=\"elementor-column elementor-col-50 elementor-top-column elementor-element elementor-element-32c46148\" data-id=\"32c46148\" data-element_type=\"column\" data-settings=\"{&quot;background_background&quot;:&quot;classic&quot;}\">\n\t\t\t<div class=\"elementor-widget-wrap elementor-element-populated\">\n\t\t\t\t\t\t<div class=\"elementor-element elementor-element-24184fa0 elementor-widget elementor-widget-heading\" data-id=\"24184fa0\" data-element_type=\"widget\" data-widget_type=\"heading.default\">\n\t\t\t\t<div class=\"elementor-widget-container\">\n\t\t\t<h1 class=\"elementor-heading-title elementor-size-default\">Randevu al\u0131n<\/h1>\t\t<\/div>\n\t\t\t\t<\/div>\n\t\t\t\t\t<\/div>\n\t\t<\/div>\n\t\t\t\t<div class=\"elementor-column elementor-col-50 elementor-top-column elementor-element elementor-element-380f121a\" data-id=\"380f121a\" data-element_type=\"column\">\n\t\t\t<div class=\"elementor-widget-wrap\">\n\t\t\t\t\t\t\t<\/div>\n\t\t<\/div>\n\t\t\t\t\t<\/div>\n\t\t<\/section>\n\t\t\t\t<section class=\"elementor-section elementor-top-section elementor-element elementor-element-38159906 elementor-section-boxed elementor-section-height-default elementor-section-height-default\" data-id=\"38159906\" data-element_type=\"section\">\n\t\t\t\t\t\t<div class=\"elementor-container elementor-column-gap-no\">\n\t\t\t\t\t<div class=\"elementor-column elementor-col-100 elementor-top-column elementor-element elementor-element-5dfd0821\" data-id=\"5dfd0821\" data-element_type=\"column\">\n\t\t\t<div class=\"elementor-widget-wrap elementor-element-populated\">\n\t\t\t\t\t\t<div class=\"elementor-element elementor-element-5a88afc elementor-widget elementor-widget-spacer\" data-id=\"5a88afc\" data-element_type=\"widget\" data-widget_type=\"spacer.default\">\n\t\t\t\t<div class=\"elementor-widget-container\">\n\t\t\t\t\t<div class=\"elementor-spacer\">\n\t\t\t<div class=\"elementor-spacer-inner\"><\/div>\n\t\t<\/div>\n\t\t\t\t<\/div>\n\t\t\t\t<\/div>\n\t\t\t\t<div class=\"elementor-element elementor-element-6445043f elementor-widget elementor-widget-menu-anchor\" data-id=\"6445043f\" data-element_type=\"widget\" data-widget_type=\"menu-anchor.default\">\n\t\t\t\t<div class=\"elementor-widget-container\">\n\t\t\t\t\t<div class=\"elementor-menu-anchor\" id=\"konum\"><\/div>\n\t\t\t\t<\/div>\n\t\t\t\t<\/div>\n\t\t\t\t\t<\/div>\n\t\t<\/div>\n\t\t\t\t\t<\/div>\n\t\t<\/section>\n\t\t\t\t<section class=\"elementor-section elementor-top-section elementor-element elementor-element-7996bf95 elementor-section-height-min-height elementor-section-content-middle elementor-section-boxed elementor-section-height-default elementor-section-items-middle\" data-id=\"7996bf95\" data-element_type=\"section\">\n\t\t\t\t\t\t<div class=\"elementor-container elementor-column-gap-no\">\n\t\t\t\t\t<div class=\"elementor-column elementor-col-100 elementor-top-column elementor-element elementor-element-63c82214\" data-id=\"63c82214\" data-element_type=\"column\">\n\t\t\t<div class=\"elementor-widget-wrap elementor-element-populated\">\n\t\t\t\t\t\t<div class=\"elementor-element elementor-element-49aef8de elementor-widget elementor-widget-heading\" data-id=\"49aef8de\" data-element_type=\"widget\" data-widget_type=\"heading.default\">\n\t\t\t\t<div class=\"elementor-widget-container\">\n\t\t\t<h2 class=\"elementor-heading-title elementor-size-default\">Almak istedi\u011finiz hizmeti kolayca rezerve edebilirsiniz.<\/h2>\t\t<\/div>\n\t\t\t\t<\/div>\n\t\t\t\t<div class=\"elementor-element elementor-element-c3e14c8 elementor-widget elementor-widget-text-editor\" data-id=\"c3e14c8\" data-element_type=\"widget\" data-widget_type=\"text-editor.default\">\n\t\t\t\t<div class=\"elementor-widget-container\">\n\t\t\t\t\t\t\t<p><strong>\u00d6NEMLI\u0307 DUYURU<\/strong><\/p>\n<p>De\u011ferli m\u00fc\u015fterilerimiz!<\/p>\n<p>Randevular en az 24 saat \u00f6nceden telefonla veya yaz\u0131l\u0131 olarak iptal edilmelidir, aksi takdirde sizden (makul miktarda) bir \u00fccret talep etme hakk\u0131m\u0131z sakl\u0131d\u0131r!<\/p>\n<p>Anlay\u0131\u015f\u0131n\u0131z i\u00e7in te\u015fekk\u00fcr ederiz! (\u00dccret masraflar\u0131 = hastal\u0131k veya do\u011fal afet gibi istisnai bir durum olmad\u0131k\u00e7a, yapmay\u0131 planlad\u0131\u011f\u0131n\u0131z tedavi masraflar\u0131).<\/p>\n\t\t\t\t\t\t<\/div>\n\t\t\t\t<\/div>\n\t\t\t\t\t<\/div>\n\t\t<\/div>\n\t\t\t\t\t<\/div>\n\t\t<\/section>\n\t\t\t\t<section class=\"elementor-section elementor-top-section elementor-element elementor-element-19624486 elementor-section-boxed elementor-section-height-default elementor-section-height-default\" data-id=\"19624486\" data-element_type=\"section\">\n\t\t\t\t\t\t<div class=\"elementor-container elementor-column-gap-no\">\n\t\t\t\t\t<div class=\"elementor-column elementor-col-100 elementor-top-column elementor-element elementor-element-4d869b0d\" data-id=\"4d869b0d\" data-element_type=\"column\">\n\t\t\t<div class=\"elementor-widget-wrap elementor-element-populated\">\n\t\t\t\t\t\t<div class=\"elementor-element elementor-element-5b0ef698 elementor-widget elementor-widget-menu-anchor\" data-id=\"5b0ef698\" data-element_type=\"widget\" data-widget_type=\"menu-anchor.default\">\n\t\t\t\t<div class=\"elementor-widget-container\">\n\t\t\t\t\t<div class=\"elementor-menu-anchor\" id=\"al_saatleri\"><\/div>\n\t\t\t\t<\/div>\n\t\t\t\t<\/div>\n\t\t\t\t\t<\/div>\n\t\t<\/div>\n\t\t\t\t\t<\/div>\n\t\t<\/section>\n\t\t\t\t<section class=\"elementor-section elementor-top-section elementor-element elementor-element-bb6104b elementor-section-boxed elementor-section-height-default elementor-section-height-default\" data-id=\"bb6104b\" data-element_type=\"section\">\n\t\t\t\t\t\t<div class=\"elementor-container elementor-column-gap-default\">\n\t\t\t\t\t<div class=\"elementor-column elementor-col-100 elementor-top-column elementor-element elementor-element-7d103fe\" data-id=\"7d103fe\" data-element_type=\"column\">\n\t\t\t<div class=\"elementor-widget-wrap elementor-element-populated\">\n\t\t\t\t\t\t<div class=\"elementor-element elementor-element-1c99da2 elementor-widget elementor-widget-text-editor\" data-id=\"1c99da2\" data-element_type=\"widget\" data-widget_type=\"text-editor.default\">\n\t\t\t\t<div class=\"elementor-widget-container\">\n\t\t\t\t\t\t\t<p><iframe id=\"fred\" title=\"Rezervasyon formu Adele g\u00fczellik salonu\" src=\"https:\/\/my.adele-schoenheitssalon.at\/reservation\/1\/0\" width=\"100%\" height=\"1200\" scrolling=\"auto\"><\/iframe><\/p>\n\t\t\t\t\t\t<\/div>\n\t\t\t\t<\/div>\n\t\t\t\t\t<\/div>\n\t\t<\/div>\n\t\t\t\t\t<\/div>\n\t\t<\/section>\n\t\t\t\t<section class=\"elementor-section elementor-top-section elementor-element elementor-element-8e02a26 elementor-section-full_width elementor-section-height-default elementor-section-height-default\" data-id=\"8e02a26\" data-element_type=\"section\" data-settings=\"{&quot;background_background&quot;:&quot;classic&quot;}\">\n\t\t\t\t\t\t<div class=\"elementor-container elementor-column-gap-no\">\n\t\t\t\t\t<div class=\"elementor-column elementor-col-100 elementor-top-column elementor-element elementor-element-ea93ae6\" data-id=\"ea93ae6\" data-element_type=\"column\" data-settings=\"{&quot;background_background&quot;:&quot;classic&quot;}\">\n\t\t\t<div class=\"elementor-widget-wrap elementor-element-populated\">\n\t\t\t\t\t\t<div class=\"elementor-element elementor-element-2c1ddda elementor-widget elementor-widget-image\" data-id=\"2c1ddda\" data-element_type=\"widget\" data-widget_type=\"image.default\">\n\t\t\t\t<div class=\"elementor-widget-container\">\n\t\t\t\t\t\t\t\t\t\t\t\t\t<img fetchpriority=\"high\" decoding=\"async\" width=\"1920\" height=\"450\" src=\"https:\/\/www.adele-schoenheitssalon.at\/wp-content\/uploads\/2026\/04\/adele-luxury-.jpg\" class=\"attachment-full size-full wp-image-9321\" alt=\"\" srcset=\"https:\/\/www.adele-schoenheitssalon.at\/wp-content\/uploads\/2026\/04\/adele-luxury-.jpg 1920w, https:\/\/www.adele-schoenheitssalon.at\/wp-content\/uploads\/2026\/04\/adele-luxury--300x70.jpg 300w, https:\/\/www.adele-schoenheitssalon.at\/wp-content\/uploads\/2026\/04\/adele-luxury--1024x240.jpg 1024w, https:\/\/www.adele-schoenheitssalon.at\/wp-content\/uploads\/2026\/04\/adele-luxury--768x180.jpg 768w, https:\/\/www.adele-schoenheitssalon.at\/wp-content\/uploads\/2026\/04\/adele-luxury--1536x360.jpg 1536w, https:\/\/www.adele-schoenheitssalon.at\/wp-content\/uploads\/2026\/04\/adele-luxury--1568x368.jpg 1568w\" sizes=\"(max-width: 1920px) 100vw, 1920px\" style=\"width:100%;height:23.44%;max-width:1920px\" \/>\t\t\t\t\t\t\t\t\t\t\t\t\t<\/div>\n\t\t\t\t<\/div>\n\t\t\t\t\t<\/div>\n\t\t<\/div>\n\t\t\t\t\t<\/div>\n\t\t<\/section>\n\t\t\t\t<\/div>\n\t\t","protected":false},"excerpt":{"rendered":"<p>Randevu al\u0131n Almak istedi\u011finiz hizmeti kolayca rezerve edebilirsiniz. \u00d6NEMLI\u0307 DUYURU De\u011ferli m\u00fc\u015fterilerimiz! Randevular en az 24 saat \u00f6nceden telefonla veya yaz\u0131l\u0131 olarak iptal edilmelidir, aksi takdirde sizden (makul miktarda) bir \u00fccret talep etme hakk\u0131m\u0131z sakl\u0131d\u0131r! Anlay\u0131\u015f\u0131n\u0131z i\u00e7in te\u015fekk\u00fcr ederiz! (\u00dccret masraflar\u0131 = hastal\u0131k veya do\u011fal afet gibi istisnai bir durum olmad\u0131k\u00e7a, yapmay\u0131 planlad\u0131\u011f\u0131n\u0131z tedavi masraflar\u0131).<\/p>\n","protected":false},"author":1,"featured_media":0,"parent":0,"menu_order":0,"comment_status":"closed","ping_status":"closed","template":"elementor_header_footer","meta":{"footnotes":""},"class_list":["post-4013","page","type-page","status-publish","hentry","entry"],"_links":{"self":[{"href":"https:\/\/www.adele-schoenheitssalon.at\/tr\/wp-json\/wp\/v2\/pages\/4013","targetHints":{"allow":["GET"]}}],"collection":[{"href":"https:\/\/www.adele-schoenheitssalon.at\/tr\/wp-json\/wp\/v2\/pages"}],"about":[{"href":"https:\/\/www.adele-schoenheitssalon.at\/tr\/wp-json\/wp\/v2\/types\/page"}],"author":[{"embeddable":true,"href":"https:\/\/www.adele-schoenheitssalon.at\/tr\/wp-json\/wp\/v2\/users\/1"}],"replies":[{"embeddable":true,"href":"https:\/\/www.adele-schoenheitssalon.at\/tr\/wp-json\/wp\/v2\/comments?post=4013"}],"version-history":[{"count":2,"href":"https:\/\/www.adele-schoenheitssalon.at\/tr\/wp-json\/wp\/v2\/pages\/4013\/revisions"}],"predecessor-version":[{"id":9565,"href":"https:\/\/www.adele-schoenheitssalon.at\/tr\/wp-json\/wp\/v2\/pages\/4013\/revisions\/9565"}],"wp:attachment":[{"href":"https:\/\/www.adele-schoenheitssalon.at\/tr\/wp-json\/wp\/v2\/media?parent=4013"}],"curies":[{"name":"wp","href":"https:\/\/api.w.org\/{rel}","templated":true}]}}